{"id":1047,"date":"2023-05-24T09:38:21","date_gmt":"2023-05-24T16:38:21","guid":{"rendered":"https:\/\/evwra.org\/?page_id=1047"},"modified":"2023-05-28T19:03:58","modified_gmt":"2023-05-29T02:03:58","slug":"weafc","status":"publish","type":"page","link":"https:\/\/evwra.org\/da\/weafc\/","title":{"rendered":"WEAFC"},"content":{"rendered":"<div data-elementor-type=\"wp-page\" data-elementor-id=\"1047\" class=\"elementor elementor-1047\" data-elementor-post-type=\"page\">\n\t\t\t\t<div class=\"elementor-element elementor-element-e62c9c7 e-flex e-con-boxed e-con e-parent\" data-id=\"e62c9c7\" data-element_type=\"container\" data-e-type=\"container\">\n\t\t\t\t\t<div class=\"e-con-inner\">\n\t\t\t\t<div class=\"elementor-element elementor-element-371a185 elementor-widget elementor-widget-heading\" data-id=\"371a185\" data-element_type=\"widget\" data-e-type=\"widget\" data-widget_type=\"heading.default\">\n\t\t\t\t<div class=\"elementor-widget-container\">\n\t\t\t\t\t<h2 class=\"elementor-heading-title elementor-size-default\">Verdensmesterskab i elektrisk aqua-folie (WEAFC) <\/h2>\t\t\t\t<\/div>\n\t\t\t\t<\/div>\n\t\t\t\t\t<\/div>\n\t\t\t\t<\/div>\n\t\t<div class=\"elementor-element elementor-element-35eccee e-flex e-con-boxed e-con e-parent\" data-id=\"35eccee\" data-element_type=\"container\" data-e-type=\"container\">\n\t\t\t\t\t<div class=\"e-con-inner\">\n\t\t\t\t<div class=\"elementor-element elementor-element-2c26adb elementor-widget elementor-widget-text-editor\" data-id=\"2c26adb\" data-element_type=\"widget\" data-e-type=\"widget\" data-widget_type=\"text-editor.default\">\n\t\t\t\t<div class=\"elementor-widget-container\">\n\t\t\t\t\t\t\t\t\t<p><span style=\"color: #000000;\">World Electric Aqua Foil Championship (WEAFC) er en udvidelse af Electric Vehicle World Racing Association (EVWRA), der har til form\u00e5l at fremme og fremvise nye elektriske marine teknologier i en potentiel rekreativ indstilling og h\u00f8jtydende racerindstilling. WEAFC best\u00e5r af to serier: A1WEAFC og F1WEAC.<\/span><\/p><p><span style=\"color: #000000;\">A1WEAFC-serien fokuserer p\u00e5 elektrisk aqua-foiling, som indeb\u00e6rer brug af hydrofoiler til at l\u00f8fte surfbr\u00e6tter op af vandet, hvilket reducerer luftmodstanden og \u00f8ger hastigheden. Denne serie fungerer som en platform til at demonstrere mulighederne for elektriske fremdriftssystemer i et konkurrencepr\u00e6get racermilj\u00f8.<\/span><\/p><p><span style=\"color: #000000;\">F1WEAFC-serien l\u00e6gger p\u00e5 den anden side mere v\u00e6gt p\u00e5 de h\u00f8jteknologiske fremskridt inden for elektrisk marineteknologi gennem partnerskaber inden for racing og uddannelse. M\u00e5let er at \u00f8ge offentlighedens bevidsthed om elektrisk marinemotorsport og fremme uddannelse gennem konkurrence. Serien giver mulighed for at fremvise de seneste teknologiske fremskridt inden for den elektriske marine- og powersportindustri.<\/span><\/p><p><span style=\"color: #000000;\">Det prim\u00e6re form\u00e5l med WEAFC er at \u00f8ge offentlighedens bevidsthed om elektrisk marinemotorsport og tilskynde til uddannelse gennem konkurrence. Ved at organisere og v\u00e6re v\u00e6rt for disse racerl\u00f8b \u00f8nsker EVWRA at fremh\u00e6ve de teknologiske fremskridt inden for elbilteknologi, is\u00e6r i marine- og powersportindustrien.<\/span><\/p><p><span style=\"color: #000000;\">WEAFC s\u00f8ger ogs\u00e5 at fremme partnerskaber mellem interessenter i industrien, uddannelsesinstitutioner og producenter. Disse samarbejder har til form\u00e5l at fremme udviklingen og udbredelsen af viden inden for elektrisk maritim teknologi.<\/span><\/p><p><span style=\"color: #000000;\">For at n\u00e5 sine m\u00e5l er EVWRA afh\u00e6ngig af konsensusbaseret globalt lederskab og virksomhedskoalitioner. Ved at samle n\u00f8gleakt\u00f8rer i branchen sigter organisationen mod at skabe en f\u00e6lles tilgang til at fremme elektrisk marinemotorsport og \u00f8ge offentlighedens bevidsthed.<\/span><\/p><p><span style=\"color: #000000;\">Samlet set fungerer World Electric Aqua Foil Championship WEAFC som en platform for fremvisning og demonstration af banebrydende elektriske marine teknologier, fremme af uddannelse gennem konkurrence og fremme af samarbejde inden for den elektriske marine powersport-industri.<\/span><\/p>\t\t\t\t\t\t\t\t<\/div>\n\t\t\t\t<\/div>\n\t\t\t\t\t<\/div>\n\t\t\t\t<\/div>\n\t\t\t\t<\/div>","protected":false},"excerpt":{"rendered":"<p>World Electric Aqua Foil Championship (WEAFC) World Electric Aqua Foil Championship (WEAFC) er en...<\/p>","protected":false},"author":165558846,"featured_media":0,"parent":0,"menu_order":0,"comment_status":"closed","ping_status":"closed","template":"","meta":{"_coblocks_attr":"","_coblocks_dimensions":"","_coblocks_responsive_height":"","_coblocks_accordion_ie_support":"","_crdt_document":"","advanced_seo_description":"","jetpack_seo_html_title":"","jetpack_seo_noindex":false,"jetpack_post_was_ever_published":false,"two_page_speed":[],"footnotes":""},"class_list":["post-1047","page","type-page","status-publish","hentry"],"jetpack_likes_enabled":true,"jetpack_sharing_enabled":true,"jetpack_shortlink":"https:\/\/wp.me\/Pepfs2-gT","jetpack-related-posts":[],"amp_enabled":true,"_links":{"self":[{"href":"https:\/\/evwra.org\/da\/wp-json\/wp\/v2\/pages\/1047","targetHints":{"allow":["GET"]}}],"collection":[{"href":"https:\/\/evwra.org\/da\/wp-json\/wp\/v2\/pages"}],"about":[{"href":"https:\/\/evwra.org\/da\/wp-json\/wp\/v2\/types\/page"}],"author":[{"embeddable":true,"href":"https:\/\/evwra.org\/da\/wp-json\/wp\/v2\/users\/165558846"}],"replies":[{"embeddable":true,"href":"https:\/\/evwra.org\/da\/wp-json\/wp\/v2\/comments?post=1047"}],"version-history":[{"count":13,"href":"https:\/\/evwra.org\/da\/wp-json\/wp\/v2\/pages\/1047\/revisions"}],"predecessor-version":[{"id":1224,"href":"https:\/\/evwra.org\/da\/wp-json\/wp\/v2\/pages\/1047\/revisions\/1224"}],"wp:attachment":[{"href":"https:\/\/evwra.org\/da\/wp-json\/wp\/v2\/media?parent=1047"}],"curies":[{"name":"wp","href":"https:\/\/api.w.org\/{rel}","templated":true}]}}