{"id":584,"date":"2023-04-08T17:22:07","date_gmt":"2023-04-09T00:22:07","guid":{"rendered":"https:\/\/evwra.org\/?page_id=584"},"modified":"2023-05-25T12:57:21","modified_gmt":"2023-05-25T19:57:21","slug":"e-automotive-partnere","status":"publish","type":"page","link":"https:\/\/evwra.org\/da\/e-automotive-partnere\/","title":{"rendered":"E Automotive Partners"},"content":{"rendered":"<div data-elementor-type=\"wp-page\" data-elementor-id=\"584\" class=\"elementor elementor-584\" data-elementor-post-type=\"page\">\n\t\t\t\t<div class=\"elementor-element elementor-element-567238e e-flex e-con-boxed e-con e-parent\" data-id=\"567238e\" data-element_type=\"container\" data-e-type=\"container\">\n\t\t\t\t\t<div class=\"e-con-inner\">\n\t\t\t\t<div class=\"elementor-element elementor-element-b02e6fd elementor-widget elementor-widget-image\" data-id=\"b02e6fd\" data-element_type=\"widget\" data-e-type=\"widget\" data-widget_type=\"image.default\">\n\t\t\t\t<div class=\"elementor-widget-container\">\n\t\t\t\t\t\t\t\t\t\t\t\t\t\t\t<img fetchpriority=\"high\" decoding=\"async\" data-attachment-id=\"28\" data-permalink=\"https:\/\/evwra.org\/da\/2023\/04\/13\/ford-performance-afslorede-elektrisk-mustang-super-cobra-jet-1800-prototype-der-sigter-mod-nye-nhra-verdensrekorder-for-elektriske-koretojer\/evwra-logo\/\" data-orig-file=\"https:\/\/evwra.org\/wp-content\/uploads\/2022\/11\/EVWRA-Logo.png\" data-orig-size=\"376,348\" data-comments-opened=\"1\" data-image-meta=\"{&quot;aperture&quot;:&quot;0&quot;,&quot;credit&quot;:&quot;&quot;,&quot;camera&quot;:&quot;&quot;,&quot;caption&quot;:&quot;&quot;,&quot;created_timestamp&quot;:&quot;0&quot;,&quot;copyright&quot;:&quot;&quot;,&quot;focal_length&quot;:&quot;0&quot;,&quot;iso&quot;:&quot;0&quot;,&quot;shutter_speed&quot;:&quot;0&quot;,&quot;title&quot;:&quot;&quot;,&quot;orientation&quot;:&quot;0&quot;}\" data-image-title=\"EVWRA Logo\" data-image-description=\"\" data-image-caption=\"&lt;p&gt;EV World Racing Association&lt;\/p&gt;\" data-medium-file=\"https:\/\/evwra.org\/wp-content\/uploads\/2022\/11\/EVWRA-Logo-300x278.png\" data-large-file=\"https:\/\/evwra.org\/wp-content\/uploads\/2022\/11\/EVWRA-Logo.png\" width=\"300\" height=\"278\" src=\"https:\/\/evwra.org\/wp-content\/uploads\/2022\/11\/EVWRA-Logo-300x278.png\" class=\"attachment-medium size-medium wp-image-28\" alt=\"\" srcset=\"https:\/\/evwra.org\/wp-content\/uploads\/2022\/11\/EVWRA-Logo-300x278.png 300w, https:\/\/evwra.org\/wp-content\/uploads\/2022\/11\/EVWRA-Logo.png 376w\" sizes=\"(max-width: 300px) 100vw, 300px\" \/>\t\t\t\t\t\t\t\t\t\t\t\t\t\t\t<\/div>\n\t\t\t\t<\/div>\n\t\t\t\t\t<\/div>\n\t\t\t\t<\/div>\n\t\t<div class=\"elementor-element elementor-element-cf1ab76 e-flex e-con-boxed e-con e-parent\" data-id=\"cf1ab76\" data-element_type=\"container\" data-e-type=\"container\">\n\t\t\t\t\t<div class=\"e-con-inner\">\n\t\t\t\t<div class=\"elementor-element elementor-element-68180b5 elementor-widget elementor-widget-heading\" data-id=\"68180b5\" data-element_type=\"widget\" data-e-type=\"widget\" data-widget_type=\"heading.default\">\n\t\t\t\t<div class=\"elementor-widget-container\">\n\t\t\t\t\t<h4 class=\"elementor-heading-title elementor-size-default\">EVWRA E Automotive Partners<\/h4>\t\t\t\t<\/div>\n\t\t\t\t<\/div>\n\t\t\t\t\t<\/div>\n\t\t\t\t<\/div>\n\t\t<div class=\"elementor-element elementor-element-9ec61a9 e-flex e-con-boxed e-con e-parent\" data-id=\"9ec61a9\" data-element_type=\"container\" data-e-type=\"container\">\n\t\t\t\t\t<div class=\"e-con-inner\">\n\t\t\t\t<div class=\"elementor-element elementor-element-554666e elementor-widget elementor-widget-text-editor\" data-id=\"554666e\" data-element_type=\"widget\" data-e-type=\"widget\" data-widget_type=\"text-editor.default\">\n\t\t\t\t<div class=\"elementor-widget-container\">\n\t\t\t\t\t\t\t\t\t<p><span style=\"color: #000000;\">Electric Vehicle World Racing Association (EVWRA) vil gerne udtrykke sin oprigtige anerkendelse og p\u00e5sk\u00f8nnelse af den uvurderlige st\u00f8tte, som vores virksomhedspartnere inden for el- og hybridbiler har ydet. Deres partnerskab har v\u00e6ret medvirkende til den store succes for vores arrangementer og serier, nemlig World Speed Challenge (WSC), World Endurance Challenge (WEC) og EV Festival of Speed.<\/span><\/p><p><span style=\"color: #000000;\">Vores officielle samarbejdspartnere har spillet en afg\u00f8rende rolle ved gener\u00f8st at stille egnede steder, baner og faciliteter til r\u00e5dighed for vores l\u00f8b. Deres engagement i at sikre, at infrastrukturen opfylder de specifikke krav til disse begivenheder, herunder sikkerhedsforanstaltninger, tilskueromr\u00e5der og logistisk st\u00f8tte, har v\u00e6ret eksemplarisk.<\/span><\/p><p><span style=\"color: #000000;\">Ved at anerkende og v\u00e6rds\u00e6tte vores virksomhedspartneres betydelige bidrag sigter vi mod at fremme st\u00e6rke og gensidigt fordelagtige relationer. Disse partnerskaber er afg\u00f8rende for at skabe v\u00e6kst og succes for vores motorsportsbegivenheder og -serier. Gennem samarbejde med disse virksomheder udnytter EVWRA deres ekspertise, ressourcer og brandgenkendelse til at h\u00f8jne vores arrangementers status, \u00f8ge deltagelsen og levere en enest\u00e5ende oplevelse for b\u00e5de deltagere og tilskuere.<\/span><\/p><p><span style=\"color: #000000;\">Endnu en gang vil EVWRA gerne takke vores virksomhedspartnere inden for el- og hybridbiler for deres fortsatte st\u00f8tte. Det er gennem deres engagement og dedikation, at vi er i stand til at skabe uforglemmelige motorsportsoplevelser og drive udviklingen af el- og hybridbilracing fremad.<\/span><\/p>\t\t\t\t\t\t\t\t<\/div>\n\t\t\t\t<\/div>\n\t\t\t\t\t<\/div>\n\t\t\t\t<\/div>\n\t\t\t\t<\/div>","protected":false},"excerpt":{"rendered":"<p>EVWRA E Automotive Partners The Electric Vehicle World Racing Association (EVWRA) would like to express&#8230;<\/p>","protected":false},"author":165558846,"featured_media":0,"parent":0,"menu_order":0,"comment_status":"closed","ping_status":"closed","template":"","meta":{"_coblocks_attr":"","_coblocks_dimensions":"","_coblocks_responsive_height":"","_coblocks_accordion_ie_support":"","_crdt_document":"","advanced_seo_description":"","jetpack_seo_html_title":"","jetpack_seo_noindex":false,"jetpack_post_was_ever_published":false,"two_page_speed":[],"footnotes":""},"class_list":["post-584","page","type-page","status-publish","hentry"],"jetpack_likes_enabled":true,"jetpack_sharing_enabled":true,"jetpack_shortlink":"https:\/\/wp.me\/Pepfs2-9q","jetpack-related-posts":[],"amp_enabled":true,"_links":{"self":[{"href":"https:\/\/evwra.org\/da\/wp-json\/wp\/v2\/pages\/584","targetHints":{"allow":["GET"]}}],"collection":[{"href":"https:\/\/evwra.org\/da\/wp-json\/wp\/v2\/pages"}],"about":[{"href":"https:\/\/evwra.org\/da\/wp-json\/wp\/v2\/types\/page"}],"author":[{"embeddable":true,"href":"https:\/\/evwra.org\/da\/wp-json\/wp\/v2\/users\/165558846"}],"replies":[{"embeddable":true,"href":"https:\/\/evwra.org\/da\/wp-json\/wp\/v2\/comments?post=584"}],"version-history":[{"count":18,"href":"https:\/\/evwra.org\/da\/wp-json\/wp\/v2\/pages\/584\/revisions"}],"predecessor-version":[{"id":1146,"href":"https:\/\/evwra.org\/da\/wp-json\/wp\/v2\/pages\/584\/revisions\/1146"}],"wp:attachment":[{"href":"https:\/\/evwra.org\/da\/wp-json\/wp\/v2\/media?parent=584"}],"curies":[{"name":"wp","href":"https:\/\/api.w.org\/{rel}","templated":true}]}}