{"id":265,"date":"2023-04-04T18:06:02","date_gmt":"2023-04-05T01:06:02","guid":{"rendered":"https:\/\/evwra.org\/?page_id=265"},"modified":"2024-06-22T14:46:30","modified_gmt":"2024-06-22T21:46:30","slug":"wsc-esports","status":"publish","type":"page","link":"https:\/\/evwra.org\/de\/wsc-esports\/","title":{"rendered":"WSC\/ ESport"},"content":{"rendered":"<div data-elementor-type=\"wp-page\" data-elementor-id=\"265\" class=\"elementor elementor-265\" data-elementor-post-type=\"page\">\n\t\t\t\t<div class=\"elementor-element elementor-element-fb6329b e-flex e-con-boxed e-con e-parent\" data-id=\"fb6329b\" data-element_type=\"container\" data-e-type=\"container\">\n\t\t\t\t\t<div class=\"e-con-inner\">\n\t\t\t\t<div class=\"elementor-element elementor-element-48f4c18 elementor-widget elementor-widget-heading\" data-id=\"48f4c18\" data-element_type=\"widget\" data-e-type=\"widget\" data-widget_type=\"heading.default\">\n\t\t\t\t<div class=\"elementor-widget-container\">\n\t\t\t\t\t<h4 class=\"elementor-heading-title elementor-size-default\">Esports World Speed Challenge<\/h4>\t\t\t\t<\/div>\n\t\t\t\t<\/div>\n\t\t\t\t\t<\/div>\n\t\t\t\t<\/div>\n\t\t<div class=\"elementor-element elementor-element-102624c e-flex e-con-boxed e-con e-parent\" data-id=\"102624c\" data-element_type=\"container\" data-e-type=\"container\">\n\t\t\t\t\t<div class=\"e-con-inner\">\n\t\t\t\t<div class=\"elementor-element elementor-element-35c96b2 elementor-widget elementor-widget-image\" data-id=\"35c96b2\" data-element_type=\"widget\" data-e-type=\"widget\" data-widget_type=\"image.default\">\n\t\t\t\t<div class=\"elementor-widget-container\">\n\t\t\t\t\t\t\t\t\t\t\t\t\t\t\t<img fetchpriority=\"high\" decoding=\"async\" data-attachment-id=\"875\" data-permalink=\"https:\/\/evwra.org\/de\/wsc-esports\/esports-wsc\/\" data-orig-file=\"https:\/\/evwra.org\/wp-content\/uploads\/2023\/05\/esports-WSC.jpg\" data-orig-size=\"1280,853\" data-comments-opened=\"1\" data-image-meta=\"{&quot;aperture&quot;:&quot;0&quot;,&quot;credit&quot;:&quot;&quot;,&quot;camera&quot;:&quot;&quot;,&quot;caption&quot;:&quot;&quot;,&quot;created_timestamp&quot;:&quot;0&quot;,&quot;copyright&quot;:&quot;&quot;,&quot;focal_length&quot;:&quot;0&quot;,&quot;iso&quot;:&quot;0&quot;,&quot;shutter_speed&quot;:&quot;0&quot;,&quot;title&quot;:&quot;&quot;,&quot;orientation&quot;:&quot;0&quot;}\" data-image-title=\"esports WSC\" data-image-description=\"\" data-image-caption=\"\" data-large-file=\"https:\/\/evwra.org\/wp-content\/uploads\/2023\/05\/esports-WSC-1024x682.jpg\" width=\"640\" height=\"427\" src=\"https:\/\/evwra.org\/wp-content\/uploads\/2023\/05\/esports-WSC-768x512.jpg\" class=\"attachment-medium_large size-medium_large wp-image-875\" alt=\"\" srcset=\"https:\/\/evwra.org\/wp-content\/uploads\/2023\/05\/esports-WSC-768x512.jpg 768w, https:\/\/evwra.org\/wp-content\/uploads\/2023\/05\/esports-WSC-300x200.jpg 300w, https:\/\/evwra.org\/wp-content\/uploads\/2023\/05\/esports-WSC-1024x682.jpg 1024w, https:\/\/evwra.org\/wp-content\/uploads\/2023\/05\/esports-WSC-1200x800.jpg 1200w, https:\/\/evwra.org\/wp-content\/uploads\/2023\/05\/esports-WSC.jpg 1280w\" sizes=\"(max-width: 640px) 100vw, 640px\" \/>\t\t\t\t\t\t\t\t\t\t\t\t\t\t\t<\/div>\n\t\t\t\t<\/div>\n\t\t\t\t\t<\/div>\n\t\t\t\t<\/div>\n\t\t<div class=\"elementor-element elementor-element-4ed4860 e-flex e-con-boxed e-con e-parent\" data-id=\"4ed4860\" data-element_type=\"container\" data-e-type=\"container\">\n\t\t\t\t\t<div class=\"e-con-inner\">\n\t\t\t\t<div class=\"elementor-element elementor-element-7409ef6 elementor-widget elementor-widget-text-editor\" data-id=\"7409ef6\" data-element_type=\"widget\" data-e-type=\"widget\" data-widget_type=\"text-editor.default\">\n\t\t\t\t<div class=\"elementor-widget-container\">\n\t\t\t\t\t\t\t\t\t<h4><span style=\"color: #000000;\">Willkommen bei Esports WSC<\/span><\/h4><h4><span style=\"color: #000000;\">Die Br\u00fccke zum realistischen WSC-Fahrerlebnis:<\/span><\/h4><p>EVWRA\u2019s introduction of the new professional level <a href=\"https:\/\/worldspeedchallenge.com\/esports-wsc\">eSport eGT World Speed Challenge<\/a> Series is a great step towards bridging the gap between the real and virtual world of high-performance racing. With a focus on emulating 5 different racing disciplines after eGT1WSC \u2013 eGT2WSC \u2013 eGT3WSC \u2013 eGT4WSC and eTCWSC World Speed Challenge, this new series will provide an authentic racing experience for professional drivers, sim competitors, and gaming enthusiasts alike.<\/p><p>Die Verwendung echter eGT-Rennwagen und -Rennstrecken wird das Rennerlebnis noch realistischer machen, so dass die Teilnehmer das Gef\u00fchl haben, wirklich Teil des Geschehens zu sein. Die M\u00f6glichkeit, gegen andere Profifahrer, Simulanten und Gaming-Enthusiasten anzutreten, wird die Serie f\u00fcr ein breites Spektrum von Teilnehmern interessant machen.<\/p><p>Die M\u00f6glichkeit, online an offiziell organisierten Rennserien teilzunehmen oder private Sitzungen einzurichten, gibt den Teilnehmern ein hohes Ma\u00df an Flexibilit\u00e4t bei der Teilnahme an der Serie. Ob sie nun einzelne Rennen veranstalten oder ein Rennteam f\u00fcr eine ganze Saison zusammenstellen wollen, die M\u00f6glichkeiten sind unbegrenzt.<\/p><p>Schlie\u00dflich wird die Ank\u00fcndigung von Geldpreisen f\u00fcr das gr\u00f6\u00dfte von der WSC veranstaltete esports-Rennen sicher noch mehr Interesse an der Serie wecken. Insgesamt ist die <a href=\"https:\/\/worldspeedchallenge.com\/esports-wsc\">eSport eGT World Speed Challenge<\/a> Serie ist eine aufregende Entwicklung, die den Nervenkitzel des Hochleistungsrennsports einem breiteren Publikum n\u00e4her bringen wird. Um \u00fcber die Fortschritte der Serie auf dem Laufenden zu bleiben, k\u00f6nnen sich Interessierte f\u00fcr den EVWRA-Newsletter anmelden.<\/p>\t\t\t\t\t\t\t\t<\/div>\n\t\t\t\t<\/div>\n\t\t\t\t\t<\/div>\n\t\t\t\t<\/div>\n\t\t\t\t<\/div>","protected":false},"excerpt":{"rendered":"<p>Esports World Speed Challenge Welcome to Esports WSC The bridge to the realistic WSC driving&#8230;<\/p>","protected":false},"author":165558846,"featured_media":0,"parent":0,"menu_order":0,"comment_status":"closed","ping_status":"closed","template":"","meta":{"_coblocks_attr":"","_coblocks_dimensions":"","_coblocks_responsive_height":"","_coblocks_accordion_ie_support":"","_crdt_document":"","advanced_seo_description":"","jetpack_seo_html_title":"","jetpack_seo_noindex":false,"two_page_speed":[],"footnotes":""},"class_list":["post-265","page","type-page","status-publish","hentry"],"jetpack_likes_enabled":true,"jetpack_sharing_enabled":true,"jetpack_shortlink":"https:\/\/wp.me\/Pepfs2-4h","jetpack-related-posts":[],"amp_enabled":true,"_links":{"self":[{"href":"https:\/\/evwra.org\/de\/wp-json\/wp\/v2\/pages\/265","targetHints":{"allow":["GET"]}}],"collection":[{"href":"https:\/\/evwra.org\/de\/wp-json\/wp\/v2\/pages"}],"about":[{"href":"https:\/\/evwra.org\/de\/wp-json\/wp\/v2\/types\/page"}],"author":[{"embeddable":true,"href":"https:\/\/evwra.org\/de\/wp-json\/wp\/v2\/users\/165558846"}],"replies":[{"embeddable":true,"href":"https:\/\/evwra.org\/de\/wp-json\/wp\/v2\/comments?post=265"}],"version-history":[{"count":19,"href":"https:\/\/evwra.org\/de\/wp-json\/wp\/v2\/pages\/265\/revisions"}],"predecessor-version":[{"id":2297,"href":"https:\/\/evwra.org\/de\/wp-json\/wp\/v2\/pages\/265\/revisions\/2297"}],"wp:attachment":[{"href":"https:\/\/evwra.org\/de\/wp-json\/wp\/v2\/media?parent=265"}],"curies":[{"name":"wp","href":"https:\/\/api.w.org\/{rel}","templated":true}]}}