{"id":584,"date":"2023-04-08T17:22:07","date_gmt":"2023-04-09T00:22:07","guid":{"rendered":"https:\/\/evwra.org\/?page_id=584"},"modified":"2023-05-25T12:57:21","modified_gmt":"2023-05-25T19:57:21","slug":"e-automobilpartner","status":"publish","type":"page","link":"https:\/\/evwra.org\/de\/e-automobilpartner\/","title":{"rendered":"E Automobilpartner"},"content":{"rendered":"<div data-elementor-type=\"wp-page\" data-elementor-id=\"584\" class=\"elementor elementor-584\" data-elementor-post-type=\"page\">\n\t\t\t\t<div class=\"elementor-element elementor-element-567238e e-flex e-con-boxed e-con e-parent\" data-id=\"567238e\" data-element_type=\"container\" data-e-type=\"container\">\n\t\t\t\t\t<div class=\"e-con-inner\">\n\t\t\t\t<div class=\"elementor-element elementor-element-b02e6fd elementor-widget elementor-widget-image\" data-id=\"b02e6fd\" data-element_type=\"widget\" data-e-type=\"widget\" data-widget_type=\"image.default\">\n\t\t\t\t<div class=\"elementor-widget-container\">\n\t\t\t\t\t\t\t\t\t\t\t\t\t\t\t<img fetchpriority=\"high\" decoding=\"async\" data-attachment-id=\"28\" data-permalink=\"https:\/\/evwra.org\/de\/2023\/04\/13\/ford-performance-stellt-elektro-mustang-super-cobra-jet-1800-prototyp-vor-der-neue-nhra-weltrekorde-fur-elektrofahrzeuge-anstrebt\/evwra-logo\/\" data-orig-file=\"https:\/\/evwra.org\/wp-content\/uploads\/2022\/11\/EVWRA-Logo.png\" data-orig-size=\"376,348\" data-comments-opened=\"1\" data-image-meta=\"{&quot;aperture&quot;:&quot;0&quot;,&quot;credit&quot;:&quot;&quot;,&quot;camera&quot;:&quot;&quot;,&quot;caption&quot;:&quot;&quot;,&quot;created_timestamp&quot;:&quot;0&quot;,&quot;copyright&quot;:&quot;&quot;,&quot;focal_length&quot;:&quot;0&quot;,&quot;iso&quot;:&quot;0&quot;,&quot;shutter_speed&quot;:&quot;0&quot;,&quot;title&quot;:&quot;&quot;,&quot;orientation&quot;:&quot;0&quot;}\" data-image-title=\"EVWRA Logo\" data-image-description=\"\" data-image-caption=\"&lt;p&gt;EV World Racing Association&lt;\/p&gt;\" data-large-file=\"https:\/\/evwra.org\/wp-content\/uploads\/2022\/11\/EVWRA-Logo.png\" width=\"300\" height=\"278\" src=\"https:\/\/evwra.org\/wp-content\/uploads\/2022\/11\/EVWRA-Logo-300x278.png\" class=\"attachment-medium size-medium wp-image-28\" alt=\"\" srcset=\"https:\/\/evwra.org\/wp-content\/uploads\/2022\/11\/EVWRA-Logo-300x278.png 300w, https:\/\/evwra.org\/wp-content\/uploads\/2022\/11\/EVWRA-Logo.png 376w\" sizes=\"(max-width: 300px) 100vw, 300px\" \/>\t\t\t\t\t\t\t\t\t\t\t\t\t\t\t<\/div>\n\t\t\t\t<\/div>\n\t\t\t\t\t<\/div>\n\t\t\t\t<\/div>\n\t\t<div class=\"elementor-element elementor-element-cf1ab76 e-flex e-con-boxed e-con e-parent\" data-id=\"cf1ab76\" data-element_type=\"container\" data-e-type=\"container\">\n\t\t\t\t\t<div class=\"e-con-inner\">\n\t\t\t\t<div class=\"elementor-element elementor-element-68180b5 elementor-widget elementor-widget-heading\" data-id=\"68180b5\" data-element_type=\"widget\" data-e-type=\"widget\" data-widget_type=\"heading.default\">\n\t\t\t\t<div class=\"elementor-widget-container\">\n\t\t\t\t\t<h4 class=\"elementor-heading-title elementor-size-default\">EVWRA E Automotive Partner<\/h4>\t\t\t\t<\/div>\n\t\t\t\t<\/div>\n\t\t\t\t\t<\/div>\n\t\t\t\t<\/div>\n\t\t<div class=\"elementor-element elementor-element-9ec61a9 e-flex e-con-boxed e-con e-parent\" data-id=\"9ec61a9\" data-element_type=\"container\" data-e-type=\"container\">\n\t\t\t\t\t<div class=\"e-con-inner\">\n\t\t\t\t<div class=\"elementor-element elementor-element-554666e elementor-widget elementor-widget-text-editor\" data-id=\"554666e\" data-element_type=\"widget\" data-e-type=\"widget\" data-widget_type=\"text-editor.default\">\n\t\t\t\t<div class=\"elementor-widget-container\">\n\t\t\t\t\t\t\t\t\t<p><span style=\"color: #000000;\">Die Electric Vehicle World Racing Association (EVWRA) m\u00f6chte ihre aufrichtige Anerkennung und Wertsch\u00e4tzung f\u00fcr die unsch\u00e4tzbare Unterst\u00fctzung durch unsere EV- und Hybrid-Automobil-Unternehmenspartner zum Ausdruck bringen. Ihre Partnerschaft hat ma\u00dfgeblich zum durchschlagenden Erfolg unserer Veranstaltungen und Serien beigetragen, namentlich der World Speed Challenge (WSC), der World Endurance Challenge (WEC) und des EV Festival of Speed.<\/span><\/p><p><span style=\"color: #000000;\">Unsere offiziellen Veranstaltungspartner haben eine entscheidende Rolle gespielt, indem sie gro\u00dfz\u00fcgig geeignete Veranstaltungsorte, Strecken und Einrichtungen f\u00fcr unsere Rennen zur Verf\u00fcgung gestellt haben. Ihr Engagement, um sicherzustellen, dass die Infrastruktur den spezifischen Anforderungen dieser Veranstaltungen entspricht, einschlie\u00dflich Sicherheitsma\u00dfnahmen, Zuschauerbereichen und logistischer Unterst\u00fctzung, war beispielhaft.<\/span><\/p><p><span style=\"color: #000000;\">Indem wir die bedeutenden Beitr\u00e4ge unserer Unternehmenspartner anerkennen und sch\u00e4tzen, wollen wir starke und f\u00fcr beide Seiten vorteilhafte Beziehungen f\u00f6rdern. Diese Partnerschaften sind wesentlich f\u00fcr das Wachstum und den Erfolg unserer Motorsportveranstaltungen und -serien. Durch die Zusammenarbeit mit diesen Unternehmen nutzt EVWRA deren Fachwissen, Ressourcen und Markenbekanntheit, um den Stellenwert unserer Veranstaltungen zu erh\u00f6hen, die Teilnehmerzahl zu steigern und Teilnehmern und Zuschauern ein au\u00dfergew\u00f6hnliches Erlebnis zu bieten.<\/span><\/p><p><span style=\"color: #000000;\">EVWRA bedankt sich noch einmal ganz herzlich bei unseren EV- und Hybrid-Automobil-Unternehmenspartnern f\u00fcr ihre kontinuierliche Unterst\u00fctzung. Durch ihr Engagement und ihre Hingabe sind wir in der Lage, unvergessliche Motorsporterlebnisse zu schaffen und die Entwicklung von EV- und Hybrid-Autorennen voranzutreiben.<\/span><\/p>\t\t\t\t\t\t\t\t<\/div>\n\t\t\t\t<\/div>\n\t\t\t\t\t<\/div>\n\t\t\t\t<\/div>\n\t\t\t\t<\/div>","protected":false},"excerpt":{"rendered":"<p>EVWRA E Automotive Partners Die Electric Vehicle World Racing Association (EVWRA) m\u00f6chte sich bei den...<\/p>","protected":false},"author":165558846,"featured_media":0,"parent":0,"menu_order":0,"comment_status":"closed","ping_status":"closed","template":"","meta":{"_coblocks_attr":"","_coblocks_dimensions":"","_coblocks_responsive_height":"","_coblocks_accordion_ie_support":"","_crdt_document":"","advanced_seo_description":"","jetpack_seo_html_title":"","jetpack_seo_noindex":false,"two_page_speed":[],"footnotes":""},"class_list":["post-584","page","type-page","status-publish","hentry"],"jetpack_likes_enabled":true,"jetpack_sharing_enabled":true,"jetpack_shortlink":"https:\/\/wp.me\/Pepfs2-9q","jetpack-related-posts":[],"amp_enabled":true,"_links":{"self":[{"href":"https:\/\/evwra.org\/de\/wp-json\/wp\/v2\/pages\/584","targetHints":{"allow":["GET"]}}],"collection":[{"href":"https:\/\/evwra.org\/de\/wp-json\/wp\/v2\/pages"}],"about":[{"href":"https:\/\/evwra.org\/de\/wp-json\/wp\/v2\/types\/page"}],"author":[{"embeddable":true,"href":"https:\/\/evwra.org\/de\/wp-json\/wp\/v2\/users\/165558846"}],"replies":[{"embeddable":true,"href":"https:\/\/evwra.org\/de\/wp-json\/wp\/v2\/comments?post=584"}],"version-history":[{"count":18,"href":"https:\/\/evwra.org\/de\/wp-json\/wp\/v2\/pages\/584\/revisions"}],"predecessor-version":[{"id":1146,"href":"https:\/\/evwra.org\/de\/wp-json\/wp\/v2\/pages\/584\/revisions\/1146"}],"wp:attachment":[{"href":"https:\/\/evwra.org\/de\/wp-json\/wp\/v2\/media?parent=584"}],"curies":[{"name":"wp","href":"https:\/\/api.w.org\/{rel}","templated":true}]}}