{"id":1047,"date":"2023-05-24T09:38:21","date_gmt":"2023-05-24T16:38:21","guid":{"rendered":"https:\/\/evwra.org\/?page_id=1047"},"modified":"2023-05-28T19:03:58","modified_gmt":"2023-05-29T02:03:58","slug":"weafc","status":"publish","type":"page","link":"https:\/\/evwra.org\/es\/weafc\/","title":{"rendered":"WEAFC"},"content":{"rendered":"<div data-elementor-type=\"wp-page\" data-elementor-id=\"1047\" class=\"elementor elementor-1047\" data-elementor-post-type=\"page\">\n\t\t\t\t<div class=\"elementor-element elementor-element-e62c9c7 e-flex e-con-boxed e-con e-parent\" data-id=\"e62c9c7\" data-element_type=\"container\" data-e-type=\"container\">\n\t\t\t\t\t<div class=\"e-con-inner\">\n\t\t\t\t<div class=\"elementor-element elementor-element-371a185 elementor-widget elementor-widget-heading\" data-id=\"371a185\" data-element_type=\"widget\" data-e-type=\"widget\" data-widget_type=\"heading.default\">\n\t\t\t\t<div class=\"elementor-widget-container\">\n\t\t\t\t\t<h2 class=\"elementor-heading-title elementor-size-default\">Campeonato del Mundo de Florete Acu\u00e1tico El\u00e9ctrico (WEAFC) <\/h2>\t\t\t\t<\/div>\n\t\t\t\t<\/div>\n\t\t\t\t\t<\/div>\n\t\t\t\t<\/div>\n\t\t<div class=\"elementor-element elementor-element-35eccee e-flex e-con-boxed e-con e-parent\" data-id=\"35eccee\" data-element_type=\"container\" data-e-type=\"container\">\n\t\t\t\t\t<div class=\"e-con-inner\">\n\t\t\t\t<div class=\"elementor-element elementor-element-2c26adb elementor-widget elementor-widget-text-editor\" data-id=\"2c26adb\" data-element_type=\"widget\" data-e-type=\"widget\" data-widget_type=\"text-editor.default\">\n\t\t\t\t<div class=\"elementor-widget-container\">\n\t\t\t\t\t\t\t\t\t<p><span style=\"color: #000000;\">El World Electric Aqua Foil Championship (WEAFC) es una expansi\u00f3n de la Electric Vehicle World Racing Association (EVWRA) destinada a promover y mostrar las tecnolog\u00edas marinas el\u00e9ctricas emergentes en un entorno potencialmente recreativo y de competici\u00f3n de alto rendimiento. El WEAFC consta de dos series: la A1WEAFC y la F1WEAC.<\/span><\/p><p><span style=\"color: #000000;\">La serie A1WEAFC se centra en el aqua foiling el\u00e9ctrico, que consiste en utilizar hidroalas para elevar las tablas de surf fuera del agua, reduciendo la resistencia y aumentando la velocidad. Esta serie sirve de plataforma para demostrar las capacidades de los sistemas de propulsi\u00f3n el\u00e9ctrica en un entorno de competici\u00f3n.<\/span><\/p><p><span style=\"color: #000000;\">La serie F1WEAFC, por su parte, hace m\u00e1s hincapi\u00e9 en los avances de la tecnolog\u00eda marina el\u00e9ctrica de alta tecnolog\u00eda a trav\u00e9s de asociaciones de competici\u00f3n y educaci\u00f3n. Su objetivo es sensibilizar al p\u00fablico sobre los deportes de motor marinos el\u00e9ctricos y fomentar la educaci\u00f3n a trav\u00e9s de la competici\u00f3n. La serie ofrece un escenario para mostrar los \u00faltimos avances tecnol\u00f3gicos en los sectores de los deportes n\u00e1uticos el\u00e9ctricos y de propulsi\u00f3n el\u00e9ctrica.<\/span><\/p><p><span style=\"color: #000000;\">El objetivo principal de la WEAFC es aumentar la concienciaci\u00f3n p\u00fablica sobre el automovilismo marino el\u00e9ctrico y fomentar la educaci\u00f3n a trav\u00e9s de la competici\u00f3n. Con la organizaci\u00f3n y celebraci\u00f3n de estas carreras, la EVWRA pretende poner de relieve los avances tecnol\u00f3gicos en el \u00e1mbito de los veh\u00edculos el\u00e9ctricos, especialmente en las industrias n\u00e1utica y de deportes de motor.<\/span><\/p><p><span style=\"color: #000000;\">La WEAFC tambi\u00e9n pretende fomentar las colaboraciones entre las partes interesadas de la industria, las instituciones educativas y los fabricantes. Estas colaboraciones pretenden facilitar el desarrollo y la difusi\u00f3n de conocimientos en el campo de la tecnolog\u00eda marina el\u00e9ctrica.<\/span><\/p><p><span style=\"color: #000000;\">Para alcanzar sus objetivos, la EVWRA se apoya en un liderazgo mundial basado en el consenso y en coaliciones empresariales. Al reunir a los principales actores del sector, la organizaci\u00f3n pretende crear un enfoque unificado para promover el automovilismo n\u00e1utico el\u00e9ctrico y sensibilizar a la opini\u00f3n p\u00fablica.<\/span><\/p><p><span style=\"color: #000000;\">En general, el Campeonato del Mundo de Florete Acu\u00e1tico El\u00e9ctrico WEAFC sirve de plataforma para mostrar y demostrar las tecnolog\u00edas marinas el\u00e9ctricas de vanguardia, promover la educaci\u00f3n a trav\u00e9s de la competici\u00f3n y fomentar la colaboraci\u00f3n dentro de la industria de los deportes n\u00e1uticos el\u00e9ctricos.<\/span><\/p>\t\t\t\t\t\t\t\t<\/div>\n\t\t\t\t<\/div>\n\t\t\t\t\t<\/div>\n\t\t\t\t<\/div>\n\t\t\t\t<\/div>","protected":false},"excerpt":{"rendered":"<p>World Electric Aqua Foil Championship (WEAFC) The World Electric Aqua Foil Championship (WEAFC) is an&#8230;<\/p>","protected":false},"author":165558846,"featured_media":0,"parent":0,"menu_order":0,"comment_status":"closed","ping_status":"closed","template":"","meta":{"_coblocks_attr":"","_coblocks_dimensions":"","_coblocks_responsive_height":"","_coblocks_accordion_ie_support":"","_crdt_document":"","advanced_seo_description":"","jetpack_seo_html_title":"","jetpack_seo_noindex":false,"two_page_speed":[],"footnotes":""},"class_list":["post-1047","page","type-page","status-publish","hentry"],"jetpack_likes_enabled":true,"jetpack_sharing_enabled":true,"jetpack_shortlink":"https:\/\/wp.me\/Pepfs2-gT","jetpack-related-posts":[],"amp_enabled":true,"_links":{"self":[{"href":"https:\/\/evwra.org\/es\/wp-json\/wp\/v2\/pages\/1047","targetHints":{"allow":["GET"]}}],"collection":[{"href":"https:\/\/evwra.org\/es\/wp-json\/wp\/v2\/pages"}],"about":[{"href":"https:\/\/evwra.org\/es\/wp-json\/wp\/v2\/types\/page"}],"author":[{"embeddable":true,"href":"https:\/\/evwra.org\/es\/wp-json\/wp\/v2\/users\/165558846"}],"replies":[{"embeddable":true,"href":"https:\/\/evwra.org\/es\/wp-json\/wp\/v2\/comments?post=1047"}],"version-history":[{"count":13,"href":"https:\/\/evwra.org\/es\/wp-json\/wp\/v2\/pages\/1047\/revisions"}],"predecessor-version":[{"id":1224,"href":"https:\/\/evwra.org\/es\/wp-json\/wp\/v2\/pages\/1047\/revisions\/1224"}],"wp:attachment":[{"href":"https:\/\/evwra.org\/es\/wp-json\/wp\/v2\/media?parent=1047"}],"curies":[{"name":"wp","href":"https:\/\/api.w.org\/{rel}","templated":true}]}}