{"id":630,"date":"2023-04-21T18:13:21","date_gmt":"2023-04-22T01:13:21","guid":{"rendered":"https:\/\/evwra.org\/?page_id=630"},"modified":"2023-05-25T12:59:11","modified_gmt":"2023-05-25T19:59:11","slug":"e-socios-de-aviacion","status":"publish","type":"page","link":"https:\/\/evwra.org\/es\/e-socios-de-aviacion\/","title":{"rendered":"E Aerospace &amp; E Aviation Partners"},"content":{"rendered":"<div data-elementor-type=\"wp-page\" data-elementor-id=\"630\" class=\"elementor elementor-630\" data-elementor-post-type=\"page\">\n\t\t\t\t<div class=\"elementor-element elementor-element-779145a e-flex e-con-boxed e-con e-parent\" data-id=\"779145a\" data-element_type=\"container\" data-e-type=\"container\">\n\t\t\t\t\t<div class=\"e-con-inner\">\n\t\t\t\t<div class=\"elementor-element elementor-element-05dc0c1 elementor-widget elementor-widget-text-editor\" data-id=\"05dc0c1\" data-element_type=\"widget\" data-e-type=\"widget\" data-widget_type=\"text-editor.default\">\n\t\t\t\t<div class=\"elementor-widget-container\">\n\t\t\t\t\t\t\t\t\t<p><span style=\"color: #000000;\">Mediante la colaboraci\u00f3n con varios socios corporativos, incluidos fabricantes de aviaci\u00f3n el\u00e9ctrica y aeroespacial, expertos del sector y organizaciones de seguridad, la EVWRA pretende establecer y promover protocolos de seguridad que garanticen el bienestar de los participantes, los espectadores y la comunidad de las carreras en general. Estos esfuerzos de colaboraci\u00f3n contribuyen al crecimiento, desarrollo y seguridad del sector de las carreras de eVTOL de aviaci\u00f3n el\u00e9ctrica.<\/span><\/p><p><span style=\"color: #000000;\">Para la EVWRA (EV World Racing Association) es esencial colaborar con socios corporativos, como fabricantes de aviaci\u00f3n el\u00e9ctrica y aeroespacial, expertos del sector y organizaciones de seguridad, para establecer y promover protocolos de seguridad en el sector de las carreras de eVTOL (Electric Vertical Takeoff and Landing) de aviaci\u00f3n el\u00e9ctrica. Estos esfuerzos de colaboraci\u00f3n desempe\u00f1an un papel crucial para garantizar el bienestar de los participantes, los espectadores y la comunidad de las carreras en general, al tiempo que fomentan el crecimiento y el desarrollo del sector.<\/span><\/p><p><span style=\"color: #000000;\">La aviaci\u00f3n el\u00e9ctrica, y en concreto las carreras de eVTOL, presentan retos y consideraciones \u00fanicos en t\u00e9rminos de seguridad. Dada la naturaleza de la aviaci\u00f3n el\u00e9ctrica y la implicaci\u00f3n de sistemas de propulsi\u00f3n avanzados, es crucial contar con protocolos de seguridad exhaustivos. Colaborar con fabricantes de aviaci\u00f3n el\u00e9ctrica y aeroespacial permite intercambiar conocimientos y experiencia en la construcci\u00f3n y el funcionamiento de aeronaves el\u00e9ctricas seguras y fiables.<\/span><\/p><p><span style=\"color: #000000;\">Adem\u00e1s de los fabricantes, la participaci\u00f3n de expertos del sector y organizaciones de seguridad mejora a\u00fan m\u00e1s el desarrollo de los protocolos de seguridad. Estos expertos aportan profundos conocimientos y experiencia en seguridad a\u00e9rea, evaluaci\u00f3n de riesgos y cumplimiento de la normativa. La colaboraci\u00f3n con ellos garantiza que los protocolos de seguridad establecidos por la EVWRA se ajusten a las normas y mejores pr\u00e1cticas del sector.<\/span><\/p><p><span style=\"color: #000000;\">Al promover los protocolos de seguridad, la EVWRA contribuye al crecimiento y desarrollo general del sector de las carreras de eVTOL de aviaci\u00f3n el\u00e9ctrica. La seguridad es un factor cr\u00edtico para ganar la confianza del p\u00fablico y la aceptaci\u00f3n de las tecnolog\u00edas de aviaci\u00f3n el\u00e9ctrica. A trav\u00e9s de la colaboraci\u00f3n, la EVWRA pretende establecer una base s\u00f3lida de medidas de seguridad que no s\u00f3lo protejan a los participantes y espectadores, sino que tambi\u00e9n contribuyan al avance y al \u00e9xito del sector en su conjunto.<\/span><\/p>\t\t\t\t\t\t\t\t<\/div>\n\t\t\t\t<\/div>\n\t\t\t\t\t<\/div>\n\t\t\t\t<\/div>\n\t\t\t\t<\/div>","protected":false},"excerpt":{"rendered":"<p>By collaborating with various corporate partners, including electric aviation and aerospace manufacturers, industry experts, and&#8230;<\/p>","protected":false},"author":165558846,"featured_media":0,"parent":0,"menu_order":0,"comment_status":"closed","ping_status":"closed","template":"","meta":{"_coblocks_attr":"","_coblocks_dimensions":"","_coblocks_responsive_height":"","_coblocks_accordion_ie_support":"","_crdt_document":"","advanced_seo_description":"","jetpack_seo_html_title":"","jetpack_seo_noindex":false,"two_page_speed":[],"footnotes":""},"class_list":["post-630","page","type-page","status-publish","hentry"],"jetpack_likes_enabled":true,"jetpack_sharing_enabled":true,"jetpack_shortlink":"https:\/\/wp.me\/Pepfs2-aa","jetpack-related-posts":[],"amp_enabled":true,"_links":{"self":[{"href":"https:\/\/evwra.org\/es\/wp-json\/wp\/v2\/pages\/630","targetHints":{"allow":["GET"]}}],"collection":[{"href":"https:\/\/evwra.org\/es\/wp-json\/wp\/v2\/pages"}],"about":[{"href":"https:\/\/evwra.org\/es\/wp-json\/wp\/v2\/types\/page"}],"author":[{"embeddable":true,"href":"https:\/\/evwra.org\/es\/wp-json\/wp\/v2\/users\/165558846"}],"replies":[{"embeddable":true,"href":"https:\/\/evwra.org\/es\/wp-json\/wp\/v2\/comments?post=630"}],"version-history":[{"count":19,"href":"https:\/\/evwra.org\/es\/wp-json\/wp\/v2\/pages\/630\/revisions"}],"predecessor-version":[{"id":1147,"href":"https:\/\/evwra.org\/es\/wp-json\/wp\/v2\/pages\/630\/revisions\/1147"}],"wp:attachment":[{"href":"https:\/\/evwra.org\/es\/wp-json\/wp\/v2\/media?parent=630"}],"curies":[{"name":"wp","href":"https:\/\/api.w.org\/{rel}","templated":true}]}}