{"id":654,"date":"2023-04-21T18:28:12","date_gmt":"2023-04-22T01:28:12","guid":{"rendered":"https:\/\/evwra.org\/?page_id=654"},"modified":"2024-07-23T18:31:57","modified_gmt":"2024-07-24T01:31:57","slug":"e-racing-nation-2","status":"publish","type":"page","link":"https:\/\/evwra.org\/es\/e-racing-nation-2\/","title":{"rendered":"E Racing Nation"},"content":{"rendered":"<div data-elementor-type=\"wp-page\" data-elementor-id=\"654\" class=\"elementor elementor-654\" data-elementor-post-type=\"page\">\n\t\t\t\t<div class=\"elementor-element elementor-element-29594d0 e-flex e-con-boxed e-con e-parent\" data-id=\"29594d0\" data-element_type=\"container\" data-e-type=\"container\">\n\t\t\t\t\t<div class=\"e-con-inner\">\n\t\t\t\t<div class=\"elementor-element elementor-element-a36473c elementor-widget elementor-widget-image\" data-id=\"a36473c\" data-element_type=\"widget\" data-e-type=\"widget\" data-widget_type=\"image.default\">\n\t\t\t\t<div class=\"elementor-widget-container\">\n\t\t\t\t\t\t\t\t\t\t\t\t\t\t\t<img fetchpriority=\"high\" decoding=\"async\" data-attachment-id=\"1162\" data-permalink=\"https:\/\/evwra.org\/es\/e-racing-nation-2\/e-racing-nation-logo-2\/\" data-orig-file=\"https:\/\/evwra.org\/wp-content\/uploads\/2023\/05\/E-Racing-Nation-Logo-2.png\" data-orig-size=\"697,471\" data-comments-opened=\"1\" data-image-meta=\"{&quot;aperture&quot;:&quot;0&quot;,&quot;credit&quot;:&quot;&quot;,&quot;camera&quot;:&quot;&quot;,&quot;caption&quot;:&quot;&quot;,&quot;created_timestamp&quot;:&quot;0&quot;,&quot;copyright&quot;:&quot;&quot;,&quot;focal_length&quot;:&quot;0&quot;,&quot;iso&quot;:&quot;0&quot;,&quot;shutter_speed&quot;:&quot;0&quot;,&quot;title&quot;:&quot;&quot;,&quot;orientation&quot;:&quot;0&quot;}\" data-image-title=\"E Racing Nation Logo (2)\" data-image-description=\"\" data-image-caption=\"\" data-medium-file=\"https:\/\/evwra.org\/wp-content\/uploads\/2023\/05\/E-Racing-Nation-Logo-2-300x203.png\" data-large-file=\"https:\/\/evwra.org\/wp-content\/uploads\/2023\/05\/E-Racing-Nation-Logo-2.png\" width=\"300\" height=\"203\" src=\"https:\/\/evwra.org\/wp-content\/uploads\/2023\/05\/E-Racing-Nation-Logo-2-300x203.png\" class=\"attachment-medium size-medium wp-image-1162\" alt=\"\" srcset=\"https:\/\/evwra.org\/wp-content\/uploads\/2023\/05\/E-Racing-Nation-Logo-2-300x203.png 300w, https:\/\/evwra.org\/wp-content\/uploads\/2023\/05\/E-Racing-Nation-Logo-2-600x405.png 600w, https:\/\/evwra.org\/wp-content\/uploads\/2023\/05\/E-Racing-Nation-Logo-2.png 697w\" sizes=\"(max-width: 300px) 100vw, 300px\" \/>\t\t\t\t\t\t\t\t\t\t\t\t\t\t\t<\/div>\n\t\t\t\t<\/div>\n\t\t\t\t\t<\/div>\n\t\t\t\t<\/div>\n\t\t<div class=\"elementor-element elementor-element-d1dd056 e-flex e-con-boxed e-con e-parent\" data-id=\"d1dd056\" data-element_type=\"container\" data-e-type=\"container\">\n\t\t\t\t\t<div class=\"e-con-inner\">\n\t\t\t\t<div class=\"elementor-element elementor-element-1beba76 elementor-widget elementor-widget-heading\" data-id=\"1beba76\" data-element_type=\"widget\" data-e-type=\"widget\" data-widget_type=\"heading.default\">\n\t\t\t\t<div class=\"elementor-widget-container\">\n\t\t\t\t\t<h3 class=\"elementor-heading-title elementor-size-default\">E Racing Nation (ERN) And Media Partners:<\/h3>\t\t\t\t<\/div>\n\t\t\t\t<\/div>\n\t\t\t\t\t<\/div>\n\t\t\t\t<\/div>\n\t\t<div class=\"elementor-element elementor-element-ada4e51 e-flex e-con-boxed e-con e-parent\" data-id=\"ada4e51\" data-element_type=\"container\" data-e-type=\"container\">\n\t\t\t\t\t<div class=\"e-con-inner\">\n\t\t\t\t<div class=\"elementor-element elementor-element-dc89468 elementor-widget elementor-widget-text-editor\" data-id=\"dc89468\" data-element_type=\"widget\" data-e-type=\"widget\" data-widget_type=\"text-editor.default\">\n\t\t\t\t<div class=\"elementor-widget-container\">\n\t\t\t\t\t\t\t\t\t<p><span style=\"color: #000000;\"><a href=\"https:\/\/eracingnation.com\">E Racing Nation<\/a> (ERN) es el brazo medi\u00e1tico de la EVWRA y ofrece las \u00faltimas noticias, boletines, podcasts y v\u00eddeos en streaming relacionados con los deportes de motor el\u00e9ctricos e h\u00edbridos y las carreras. La rama medi\u00e1tica cubre eventos y noticias relacionados con la EVWRA y sus socios medi\u00e1ticos, ayudando a mantener a entusiastas y profesionales al d\u00eda de los \u00faltimos avances en la industria del automovilismo electr\u00f3nico.<\/span><\/p><p><span style=\"color: #000000;\">Proporcionando una plataforma para compartir informaci\u00f3n y conocimientos, <a href=\"https:\/\/eracingnation.com\">E Racing Nation<\/a> (ERN) ayuda a promover y dar a conocer la tecnolog\u00eda de veh\u00edculos el\u00e9ctricos e h\u00edbridos en el sector del automovilismo y las carreras. La cobertura medi\u00e1tica tambi\u00e9n sirve para inspirar y entusiasmar a entusiastas y profesionales por igual sobre el potencial futuro de esta tecnolog\u00eda en la industria.<\/span><\/p><p><span style=\"color: #000000;\">En general, <a href=\"https:\/\/eracingnation.com\">E Racing Nation<\/a> (ERN) es un recurso importante para los interesados en seguir los \u00faltimos avances en el automovilismo y las carreras de veh\u00edculos el\u00e9ctricos e h\u00edbridos. Su cobertura ayuda a concienciar sobre el potencial de esta tecnolog\u00eda y a fomentar la colaboraci\u00f3n y la innovaci\u00f3n en el sector.<\/span><\/p>\t\t\t\t\t\t\t\t<\/div>\n\t\t\t\t<\/div>\n\t\t\t\t\t<\/div>\n\t\t\t\t<\/div>\n\t\t<div class=\"elementor-element elementor-element-afb237f e-flex e-con-boxed e-con e-parent\" data-id=\"afb237f\" data-element_type=\"container\" data-e-type=\"container\">\n\t\t\t\t\t<div class=\"e-con-inner\">\n\t\t\t\t<div class=\"elementor-element elementor-element-373da74 elementor-widget elementor-widget-heading\" data-id=\"373da74\" data-element_type=\"widget\" data-e-type=\"widget\" data-widget_type=\"heading.default\">\n\t\t\t\t<div class=\"elementor-widget-container\">\n\t\t\t\t\t<h3 class=\"elementor-heading-title elementor-size-default\">E Racing Nation's (ERN) Podcast<\/h3>\t\t\t\t<\/div>\n\t\t\t\t<\/div>\n\t\t\t\t\t<\/div>\n\t\t\t\t<\/div>\n\t\t<div class=\"elementor-element elementor-element-86501d4 e-flex e-con-boxed e-con e-parent\" data-id=\"86501d4\" data-element_type=\"container\" data-e-type=\"container\">\n\t\t\t\t\t<div class=\"e-con-inner\">\n\t\t\t\t<div class=\"elementor-element elementor-element-9f14321 elementor-widget elementor-widget-text-editor\" data-id=\"9f14321\" data-element_type=\"widget\" data-e-type=\"widget\" data-widget_type=\"text-editor.default\">\n\t\t\t\t<div class=\"elementor-widget-container\">\n\t\t\t\t\t\t\t\t\t<p><span style=\"color: #000000;\">\u00danete y escucha el <a href=\"https:\/\/eracingnation.com\">E Racing Nation's<\/a> (ERN) EV World Racing Association EVWRA podcast con el equipo editorial y los invitados con la visi\u00f3n y el an\u00e1lisis de un panel global de innovadores e-motorsport y l\u00edderes de la industria e-racing entusiastas.\u00a0<\/span><\/p>\t\t\t\t\t\t\t\t<\/div>\n\t\t\t\t<\/div>\n\t\t\t\t\t<\/div>\n\t\t\t\t<\/div>\n\t\t<div class=\"elementor-element elementor-element-0fe2033 e-flex e-con-boxed e-con e-parent\" data-id=\"0fe2033\" data-element_type=\"container\" data-e-type=\"container\">\n\t\t\t\t\t<div class=\"e-con-inner\">\n\t\t\t\t<div class=\"elementor-element elementor-element-5dc378f elementor-cta--skin-cover elementor-animated-content elementor-bg-transform elementor-bg-transform-zoom-in elementor-widget elementor-widget-call-to-action\" data-id=\"5dc378f\" data-element_type=\"widget\" data-e-type=\"widget\" data-widget_type=\"call-to-action.default\">\n\t\t\t\t<div class=\"elementor-widget-container\">\n\t\t\t\t\t\t\t<div class=\"elementor-cta\">\n\t\t\t\t\t<div class=\"elementor-cta__bg-wrapper\">\n\t\t\t\t<div class=\"elementor-cta__bg elementor-bg\" style=\"background-image: url(https:\/\/evwra.org\/wp-content\/uploads\/2023\/05\/E-Racing-Nation-Podcast-Logo-800x400.png);\" role=\"img\" aria-label=\"E Racing Nation Podcast Logo\"><\/div>\n\t\t\t\t<div class=\"elementor-cta__bg-overlay\"><\/div>\n\t\t\t<\/div>\n\t\t\t\t\t\t\t<div class=\"elementor-cta__content\">\n\t\t\t\t\n\t\t\t\t\t\t\t\t\t<h2 class=\"elementor-cta__title elementor-cta__content-item elementor-content-item elementor-animated-item--grow\">\n\t\t\t\t\t\t\u00danete y escucha el podcast de E Racing Nations\t\t\t\t\t<\/h2>\n\t\t\t\t\n\t\t\t\t\t\t\t\t\t<div class=\"elementor-cta__description elementor-cta__content-item elementor-content-item elementor-animated-item--grow\">\n\t\t\t\t\t\tDonde se baten los r\u00e9cords mundiales de velocidad y resistencia de veh\u00edculos el\u00e9ctricos e h\u00edbridos.\t\t\t\t\t<\/div>\n\t\t\t\t\n\t\t\t\t\t\t\t\t\t<div class=\"elementor-cta__button-wrapper elementor-cta__content-item elementor-content-item elementor-animated-item--grow\">\n\t\t\t\t\t<a class=\"elementor-cta__button elementor-button elementor-size-\">\n\t\t\t\t\t\tDownload Or Listen Our Podcast\t\t\t\t\t<\/a>\n\t\t\t\t\t<\/div>\n\t\t\t\t\t\t\t<\/div>\n\t\t\t\t\t\t<\/div>\n\t\t\t\t\t\t<\/div>\n\t\t\t\t<\/div>\n\t\t\t\t\t<\/div>\n\t\t\t\t<\/div>\n\t\t<div class=\"elementor-element elementor-element-ccb8ccc e-flex e-con-boxed e-con e-parent\" data-id=\"ccb8ccc\" data-element_type=\"container\" data-e-type=\"container\">\n\t\t\t\t\t<div class=\"e-con-inner\">\n\t\t\t\t<div class=\"elementor-element elementor-element-d0f63bf elementor-widget elementor-widget-spacer\" data-id=\"d0f63bf\" data-element_type=\"widget\" data-e-type=\"widget\" data-widget_type=\"spacer.default\">\n\t\t\t\t<div class=\"elementor-widget-container\">\n\t\t\t\t\t\t\t<div class=\"elementor-spacer\">\n\t\t\t<div class=\"elementor-spacer-inner\"><\/div>\n\t\t<\/div>\n\t\t\t\t\t\t<\/div>\n\t\t\t\t<\/div>\n\t\t\t\t\t<\/div>\n\t\t\t\t<\/div>\n\t\t<div class=\"elementor-element elementor-element-dc6fe39 e-flex e-con-boxed e-con e-parent\" data-id=\"dc6fe39\" data-element_type=\"container\" data-e-type=\"container\">\n\t\t\t\t\t<div class=\"e-con-inner\">\n\t\t\t\t<div class=\"elementor-element elementor-element-2fa5d66 elementor-widget elementor-widget-heading\" data-id=\"2fa5d66\" data-element_type=\"widget\" data-e-type=\"widget\" data-widget_type=\"heading.default\">\n\t\t\t\t<div class=\"elementor-widget-container\">\n\t\t\t\t\t<h2 class=\"elementor-heading-title elementor-size-default\">Media Parners<\/h2>\t\t\t\t<\/div>\n\t\t\t\t<\/div>\n\t\t\t\t\t<\/div>\n\t\t\t\t<\/div>\n\t\t\t\t<\/div>","protected":false},"excerpt":{"rendered":"<p>E Racing Nation (ERN) y los medios de comunicaci\u00f3n asociados: E Racing Nation (ERN) es el medio de comunicaci\u00f3n...<\/p>","protected":false},"author":165558846,"featured_media":0,"parent":0,"menu_order":0,"comment_status":"closed","ping_status":"closed","template":"","meta":{"_coblocks_attr":"","_coblocks_dimensions":"","_coblocks_responsive_height":"","_coblocks_accordion_ie_support":"","_crdt_document":"","advanced_seo_description":"","jetpack_seo_html_title":"","jetpack_seo_noindex":false,"jetpack_post_was_ever_published":false,"two_page_speed":[],"footnotes":""},"class_list":["post-654","page","type-page","status-publish","hentry"],"jetpack_likes_enabled":true,"jetpack_sharing_enabled":true,"jetpack_shortlink":"https:\/\/wp.me\/Pepfs2-ay","jetpack-related-posts":[],"amp_enabled":true,"_links":{"self":[{"href":"https:\/\/evwra.org\/es\/wp-json\/wp\/v2\/pages\/654","targetHints":{"allow":["GET"]}}],"collection":[{"href":"https:\/\/evwra.org\/es\/wp-json\/wp\/v2\/pages"}],"about":[{"href":"https:\/\/evwra.org\/es\/wp-json\/wp\/v2\/types\/page"}],"author":[{"embeddable":true,"href":"https:\/\/evwra.org\/es\/wp-json\/wp\/v2\/users\/165558846"}],"replies":[{"embeddable":true,"href":"https:\/\/evwra.org\/es\/wp-json\/wp\/v2\/comments?post=654"}],"version-history":[{"count":66,"href":"https:\/\/evwra.org\/es\/wp-json\/wp\/v2\/pages\/654\/revisions"}],"predecessor-version":[{"id":2362,"href":"https:\/\/evwra.org\/es\/wp-json\/wp\/v2\/pages\/654\/revisions\/2362"}],"wp:attachment":[{"href":"https:\/\/evwra.org\/es\/wp-json\/wp\/v2\/media?parent=654"}],"curies":[{"name":"wp","href":"https:\/\/api.w.org\/{rel}","templated":true}]}}