{"id":95,"date":"2023-04-06T11:16:02","date_gmt":"2023-04-06T18:16:02","guid":{"rendered":"https:\/\/evwra.org\/?page_id=95"},"modified":"2023-05-17T21:52:42","modified_gmt":"2023-05-18T04:52:42","slug":"sponsors","status":"publish","type":"page","link":"https:\/\/evwra.org\/fr\/sponsors\/","title":{"rendered":"Parrains"},"content":{"rendered":"<div data-elementor-type=\"wp-page\" data-elementor-id=\"95\" class=\"elementor elementor-95\" data-elementor-post-type=\"page\">\n\t\t\t\t\t\t<section class=\"elementor-section elementor-top-section elementor-element elementor-element-d0e9b71 elementor-section-boxed elementor-section-height-default elementor-section-height-default\" data-id=\"d0e9b71\" data-element_type=\"section\" data-e-type=\"section\">\n\t\t\t\t\t\t<div class=\"elementor-container elementor-column-gap-default\">\n\t\t\t\t\t<div class=\"elementor-column elementor-col-100 elementor-top-column elementor-element elementor-element-414dfe52\" data-id=\"414dfe52\" data-element_type=\"column\" data-e-type=\"column\">\n\t\t\t<div class=\"elementor-widget-wrap elementor-element-populated\">\n\t\t\t\t\t\t<div class=\"elementor-element elementor-element-16b5466 elementor-widget elementor-widget-text-editor\" data-id=\"16b5466\" data-element_type=\"widget\" data-e-type=\"widget\" data-widget_type=\"text-editor.default\">\n\t\t\t\t<div class=\"elementor-widget-container\">\n\t\t\t\t\t\t\t\t\t<h3>Entreprises partenaires et sponsors<\/h3>\t\t\t\t\t\t\t\t<\/div>\n\t\t\t\t<\/div>\n\t\t\t\t\t<\/div>\n\t\t<\/div>\n\t\t\t\t\t<\/div>\n\t\t<\/section>\n\t\t<div class=\"elementor-element elementor-element-bc2d9a5 e-flex e-con-boxed e-con e-parent\" data-id=\"bc2d9a5\" data-element_type=\"container\" data-e-type=\"container\">\n\t\t\t\t\t<div class=\"e-con-inner\">\n\t\t\t\t<div class=\"elementor-element elementor-element-d8c9693 elementor-widget elementor-widget-text-editor\" data-id=\"d8c9693\" data-element_type=\"widget\" data-e-type=\"widget\" data-widget_type=\"text-editor.default\">\n\t\t\t\t<div class=\"elementor-widget-container\">\n\t\t\t\t\t\t\t\t\t<p><span style=\"color: #000000;\">L'EVWRA reconna\u00eet et appr\u00e9cie le soutien des entreprises partenaires pour le succ\u00e8s des s\u00e9ries WSC (World Speed Challenge), WEC (World Endurance Challenge) et de l'EV Festival of Speed. Les entreprises partenaires des sites officiels ont apport\u00e9 une contribution significative en fournissant des sites, des pistes et des installations appropri\u00e9s pour les \u00e9v\u00e9nements. Ils veillent \u00e0 ce que l'infrastructure r\u00e9ponde aux exigences des courses, notamment en ce qui concerne les mesures de s\u00e9curit\u00e9, les zones r\u00e9serv\u00e9es aux spectateurs et le soutien logistique.<\/span><\/p><p><span style=\"color: #000000;\">De m\u00eame, les entreprises partenaires officielles des s\u00e9ries eSports WSC et WEC sont essentielles au succ\u00e8s des s\u00e9ries de courses virtuelles. Ces partenaires apportent leur soutien sous diverses formes, notamment un appui financier, une expertise technique, des efforts promotionnels et les ressources n\u00e9cessaires \u00e0 l'organisation et \u00e0 la gestion de la s\u00e9rie eSports. Leur implication permet \u00e0 l'EVWRA (EV World Racing Association) d'engager une communaut\u00e9 enthousiaste et tourn\u00e9e vers l'avenir de passionn\u00e9s de jeux de comp\u00e9tition qui peuvent rejoindre les s\u00e9ries d'\u00e9quipes eSports WSC et WEC. En s'associant \u00e0 ces entreprises sponsors, l'EVWRA peut promouvoir sa marque, imiter la sc\u00e8ne r\u00e9elle des courses de v\u00e9hicules \u00e9lectriques et hybrides, et cr\u00e9er une exp\u00e9rience fascinante pour les pilotes de simulation et les fans tout au long des ann\u00e9es.<\/span><\/p><p><span style=\"color: #000000;\">En s'associant \u00e0 ces entreprises, l'EVWRA a tir\u00e9 parti de leur expertise, de leurs ressources et de la reconnaissance de leur marque pour rehausser les \u00e9v\u00e9nements, augmenter la participation et offrir une exp\u00e9rience exceptionnelle aux participants et aux spectateurs.<\/span><\/p><p><span style=\"color: #000000;\">En reconnaissant et en appr\u00e9ciant ces entreprises partenaires, nous reconnaissons non seulement leurs contributions, mais nous encourageons \u00e9galement la poursuite du soutien et de la collaboration, et nous renfor\u00e7ons en fin de compte la communaut\u00e9 du sport automobile EV et hybride dans son ensemble.<\/span><\/p>\t\t\t\t\t\t\t\t<\/div>\n\t\t\t\t<\/div>\n\t\t\t\t\t<\/div>\n\t\t\t\t<\/div>\n\t\t<div class=\"elementor-element elementor-element-01031f1 e-flex e-con-boxed e-con e-parent\" data-id=\"01031f1\" data-element_type=\"container\" data-e-type=\"container\">\n\t\t\t\t\t<div class=\"e-con-inner\">\n\t\t\t\t<div class=\"elementor-element elementor-element-e9b8796 elementor-widget elementor-widget-text-editor\" data-id=\"e9b8796\" data-element_type=\"widget\" data-e-type=\"widget\" data-widget_type=\"text-editor.default\">\n\t\t\t\t<div class=\"elementor-widget-container\">\n\t\t\t\t\t\t\t\t\t<h4>Partenaires corporatifs officiels du site pour le WSC et le WEC <br \/><br \/>Partenaires officiels de la s\u00e9rie pour le WSC et le WEC<br \/><br \/>Partenaires officiels de l'EV Festival of Speed <br \/><br \/>Partenaires officiels de l'EV Festival of Speed<br \/><br \/>Partenaires corporatifs officiels du site dans les sports \u00e9lectroniques WSC et WEC<br \/><br \/>Partenaires officiels de la s\u00e9rie dans les sports \u00e9lectroniques WSC et WEC<\/h4>\t\t\t\t\t\t\t\t<\/div>\n\t\t\t\t<\/div>\n\t\t\t\t\t<\/div>\n\t\t\t\t<\/div>\n\t\t\t\t<\/div>","protected":false},"excerpt":{"rendered":"<p>Partenaires et sponsors EVWRA reconna\u00eet et appr\u00e9cie le soutien des partenaires corporatifs pour...<\/p>","protected":false},"author":165558846,"featured_media":0,"parent":0,"menu_order":0,"comment_status":"closed","ping_status":"closed","template":"","meta":{"_coblocks_attr":"","_coblocks_dimensions":"","_coblocks_responsive_height":"","_coblocks_accordion_ie_support":"","_crdt_document":"","advanced_seo_description":"","jetpack_seo_html_title":"","jetpack_seo_noindex":false,"two_page_speed":[],"footnotes":""},"class_list":["post-95","page","type-page","status-publish","hentry"],"jetpack_likes_enabled":true,"jetpack_sharing_enabled":true,"jetpack_shortlink":"https:\/\/wp.me\/Pepfs2-1x","jetpack-related-posts":[],"amp_enabled":true,"_links":{"self":[{"href":"https:\/\/evwra.org\/fr\/wp-json\/wp\/v2\/pages\/95","targetHints":{"allow":["GET"]}}],"collection":[{"href":"https:\/\/evwra.org\/fr\/wp-json\/wp\/v2\/pages"}],"about":[{"href":"https:\/\/evwra.org\/fr\/wp-json\/wp\/v2\/types\/page"}],"author":[{"embeddable":true,"href":"https:\/\/evwra.org\/fr\/wp-json\/wp\/v2\/users\/165558846"}],"replies":[{"embeddable":true,"href":"https:\/\/evwra.org\/fr\/wp-json\/wp\/v2\/comments?post=95"}],"version-history":[{"count":28,"href":"https:\/\/evwra.org\/fr\/wp-json\/wp\/v2\/pages\/95\/revisions"}],"predecessor-version":[{"id":1021,"href":"https:\/\/evwra.org\/fr\/wp-json\/wp\/v2\/pages\/95\/revisions\/1021"}],"wp:attachment":[{"href":"https:\/\/evwra.org\/fr\/wp-json\/wp\/v2\/media?parent=95"}],"curies":[{"name":"wp","href":"https:\/\/api.w.org\/{rel}","templated":true}]}}