{"id":211,"date":"2023-04-06T11:02:56","date_gmt":"2023-04-06T18:02:56","guid":{"rendered":"https:\/\/evwra.org\/?page_id=211"},"modified":"2024-06-22T14:38:34","modified_gmt":"2024-06-22T21:38:34","slug":"ev-festiwal-predkosci","status":"publish","type":"page","link":"https:\/\/evwra.org\/pl\/ev-festiwal-predkosci\/","title":{"rendered":"Festiwal Pr\u0119dko\u015bci EV"},"content":{"rendered":"<div data-elementor-type=\"wp-page\" data-elementor-id=\"211\" class=\"elementor elementor-211\" data-elementor-post-type=\"page\">\n\t\t\t\t<div class=\"elementor-element elementor-element-152daa3 e-flex e-con-boxed e-con e-parent\" data-id=\"152daa3\" data-element_type=\"container\" data-e-type=\"container\">\n\t\t\t\t\t<div class=\"e-con-inner\">\n\t\t\t\t<div class=\"elementor-element elementor-element-7050ea9 elementor-widget elementor-widget-image\" data-id=\"7050ea9\" data-element_type=\"widget\" data-e-type=\"widget\" data-widget_type=\"image.default\">\n\t\t\t\t<div class=\"elementor-widget-container\">\n\t\t\t\t\t\t\t\t\t\t\t\t\t\t\t\t<a href=\"https:\/\/worldspeedchallenge.com\/ev-festival-of-speed\/%20\">\n\t\t\t\t\t\t\t<img fetchpriority=\"high\" decoding=\"async\" data-attachment-id=\"511\" data-permalink=\"https:\/\/evwra.org\/pl\/ev-festiwal-predkosci\/ev-festival-of-speed-llc-logo-2-2\/\" data-orig-file=\"https:\/\/evwra.org\/wp-content\/uploads\/2023\/04\/EV-FESTIVAL-of-SPEED-LLC-Logo-2.png\" data-orig-size=\"488,379\" data-comments-opened=\"1\" data-image-meta=\"{&quot;aperture&quot;:&quot;0&quot;,&quot;credit&quot;:&quot;&quot;,&quot;camera&quot;:&quot;&quot;,&quot;caption&quot;:&quot;&quot;,&quot;created_timestamp&quot;:&quot;0&quot;,&quot;copyright&quot;:&quot;&quot;,&quot;focal_length&quot;:&quot;0&quot;,&quot;iso&quot;:&quot;0&quot;,&quot;shutter_speed&quot;:&quot;0&quot;,&quot;title&quot;:&quot;&quot;,&quot;orientation&quot;:&quot;0&quot;}\" data-image-title=\"EV FESTIVAL of SPEED LLC Logo (2)\" data-image-description=\"\" data-image-caption=\"\" data-large-file=\"https:\/\/evwra.org\/wp-content\/uploads\/2023\/04\/EV-FESTIVAL-of-SPEED-LLC-Logo-2.png\" width=\"300\" height=\"233\" src=\"https:\/\/evwra.org\/wp-content\/uploads\/2023\/04\/EV-FESTIVAL-of-SPEED-LLC-Logo-2-300x233.png\" class=\"attachment-medium size-medium wp-image-511\" alt=\"\" srcset=\"https:\/\/evwra.org\/wp-content\/uploads\/2023\/04\/EV-FESTIVAL-of-SPEED-LLC-Logo-2-300x233.png 300w, https:\/\/evwra.org\/wp-content\/uploads\/2023\/04\/EV-FESTIVAL-of-SPEED-LLC-Logo-2.png 488w\" sizes=\"(max-width: 300px) 100vw, 300px\" \/>\t\t\t\t\t\t\t\t<\/a>\n\t\t\t\t\t\t\t\t\t\t\t\t\t\t\t<\/div>\n\t\t\t\t<\/div>\n\t\t\t\t\t<\/div>\n\t\t\t\t<\/div>\n\t\t<div class=\"elementor-element elementor-element-bdef6b8 e-flex e-con-boxed e-con e-parent\" data-id=\"bdef6b8\" data-element_type=\"container\" data-e-type=\"container\">\n\t\t\t\t\t<div class=\"e-con-inner\">\n\t\t\t\t<div class=\"elementor-element elementor-element-3b66b7e elementor-widget elementor-widget-text-editor\" data-id=\"3b66b7e\" data-element_type=\"widget\" data-e-type=\"widget\" data-widget_type=\"text-editor.default\">\n\t\t\t\t<div class=\"elementor-widget-container\">\n\t\t\t\t\t\t\t\t\t<p><span style=\"color: #000000;\">The <a href=\"https:\/\/worldspeedchallenge.com\/ev-festival-of-speed\/\">EV Festival of Speed, (EVFOS)<\/a> produkowany przez EVWRA (Electric Vehicle World Racing Association), to presti\u017cowe wydarzenie maj\u0105ce na celu zaprezentowanie najnowszych osi\u0105gni\u0119\u0107 w technologii pojazd\u00f3w elektrycznych i hybrydowych w bran\u017cy motoryzacyjnej. Festiwal s\u0142u\u017cy jako platforma dla g\u0142\u00f3wnych marek z ca\u0142ego \u015bwiata do prezentowania swoich najnowocze\u015bniejszych innowacji w pojazdach elektrycznych i hybrydowych.<\/span><\/p><p><span style=\"color: #000000;\">Jednym z g\u0142\u00f3wnych cel\u00f3w festiwalu jest zgromadzenie producent\u00f3w, in\u017cynier\u00f3w, technik\u00f3w, kierowc\u00f3w i entuzjast\u00f3w, kt\u00f3rzy podzielaj\u0105 pasj\u0119 do pojazd\u00f3w elektrycznych i hybrydowych. Stanowi on wyj\u0105tkow\u0105 okazj\u0119 dla tych os\u00f3b do interakcji, wymiany pomys\u0142\u00f3w i wsp\u00f3\u0142pracy nad przysz\u0142ymi rozwi\u0105zaniami. Wspieraj\u0105c to \u015brodowisko wsp\u00f3\u0142pracy, festiwal ma na celu inspirowanie i ekscytowanie uczestnik\u00f3w, zach\u0119caj\u0105c do dalszych post\u0119p\u00f3w w bran\u017cy.<\/span><\/p><p><span style=\"color: #000000;\">Opr\u00f3cz prezentowania najnowszych technologii <a href=\"https:\/\/worldspeedchallenge.com\/ev-festival-of-speed\/\">EV Festival of Speed (EVFOS)<\/a> s\u0142u\u017cy r\u00f3wnie\u017c jako inauguracja zaawansowanej technologii pojazd\u00f3w elektrycznych i hybrydowych w bran\u017cy sport\u00f3w motorowych i wy\u015bcig\u00f3w. Demonstruj\u0105c mo\u017cliwo\u015bci pojazd\u00f3w elektrycznych i hybrydowych w \u015brodowisku wy\u015bcigowym, festiwal ma na celu pobudzenie i nap\u0119dzenie bran\u017cy sport\u00f3w motorowych w kierunku przyj\u0119cia zr\u00f3wnowa\u017conych i przyjaznych dla \u015brodowiska alternatyw.<\/span><\/p><p><span style=\"color: #000000;\">Festiwal EV odgrywa istotn\u0105 rol\u0119 w podkre\u015blaniu znaczenia i potencja\u0142u technologii elektrycznej i hybrydowej w przemy\u015ble motoryzacyjnym. S\u0142u\u017cy jako platforma do edukowania spo\u0142ecze\u0144stwa na temat korzy\u015bci p\u0142yn\u0105cych z pojazd\u00f3w elektrycznych i hybrydowych, takich jak zmniejszona emisja spalin i lepszy zr\u00f3wnowa\u017cony rozw\u00f3j. Przyci\u0105gaj\u0105c zar\u00f3wno entuzjast\u00f3w, jak i profesjonalist\u00f3w, festiwal przyczynia si\u0119 do szerszego przyj\u0119cia tych technologii i promuje dalsze badania i rozw\u00f3j w tej dziedzinie.<\/span><\/p><p><span style=\"color: #000000;\">Overall, the <a href=\"https:\/\/worldspeedchallenge.com\/ev-festival-of-speed\/\">EV Festival of Speed (EVFOS)<\/a> to ekscytuj\u0105ce i wp\u0142ywowe wydarzenie, kt\u00f3re gromadzi kluczowych graczy w bran\u017cy motoryzacyjnej, aby \u015bwi\u0119towa\u0107 i promowa\u0107 najnowsze innowacje w technologii pojazd\u00f3w elektrycznych i hybrydowych. S\u0142u\u017cy jako katalizator wsp\u00f3\u0142pracy, inspiracji i post\u0119pu, podkre\u015blaj\u0105c znaczenie i potencja\u0142 zr\u00f3wnowa\u017conego transportu, festiwal odgrywa znacz\u0105c\u0105 rol\u0119 w nap\u0119dzaniu adopcji pojazd\u00f3w elektrycznych i hybrydowych oraz promowaniu bardziej zr\u00f3wnowa\u017conego przemys\u0142u motoryzacyjnego.<\/span><\/p>\t\t\t\t\t\t\t\t<\/div>\n\t\t\t\t<\/div>\n\t\t\t\t\t<\/div>\n\t\t\t\t<\/div>\n\t\t<div class=\"elementor-element elementor-element-1ff9bc6 e-flex e-con-boxed e-con e-parent\" data-id=\"1ff9bc6\" data-element_type=\"container\" data-e-type=\"container\">\n\t\t\t\t\t<div class=\"e-con-inner\">\n\t\t\t\t<div class=\"elementor-element elementor-element-99d3601 elementor-widget elementor-widget-spacer\" data-id=\"99d3601\" data-element_type=\"widget\" data-e-type=\"widget\" data-widget_type=\"spacer.default\">\n\t\t\t\t<div class=\"elementor-widget-container\">\n\t\t\t\t\t\t\t<div class=\"elementor-spacer\">\n\t\t\t<div class=\"elementor-spacer-inner\"><\/div>\n\t\t<\/div>\n\t\t\t\t\t\t<\/div>\n\t\t\t\t<\/div>\n\t\t\t\t\t<\/div>\n\t\t\t\t<\/div>\n\t\t<div class=\"elementor-element elementor-element-94215ac e-flex e-con-boxed e-con e-parent\" data-id=\"94215ac\" data-element_type=\"container\" data-e-type=\"container\">\n\t\t\t\t\t<div class=\"e-con-inner\">\n\t\t\t\t<div class=\"elementor-element elementor-element-d483476 elementor-cta--skin-cover elementor-animated-content elementor-bg-transform elementor-bg-transform-zoom-in elementor-widget elementor-widget-call-to-action\" data-id=\"d483476\" data-element_type=\"widget\" data-e-type=\"widget\" data-widget_type=\"call-to-action.default\">\n\t\t\t\t<div class=\"elementor-widget-container\">\n\t\t\t\t\t\t\t<div class=\"elementor-cta\">\n\t\t\t\t\t<div class=\"elementor-cta__bg-wrapper\">\n\t\t\t\t<div class=\"elementor-cta__bg elementor-bg\" style=\"background-image: url(https:\/\/evwra.org\/wp-content\/uploads\/2023\/05\/EV-Festival-of-Speed-Logo-EVWRA-1-768x176.png);\" role=\"img\" aria-label=\"Logo EV Festival of Speed EVWRA\"><\/div>\n\t\t\t\t<div class=\"elementor-cta__bg-overlay\"><\/div>\n\t\t\t<\/div>\n\t\t\t\t\t\t\t<div class=\"elementor-cta__content\">\n\t\t\t\t\n\t\t\t\t\t\t\t\t\t<h2 class=\"elementor-cta__title elementor-cta__content-item elementor-content-item elementor-animated-item--grow\">\n\t\t\t\t\t\tDo\u0142\u0105cz do nas na EV Festival Of Speed \t\t\t\t\t<\/h2>\n\t\t\t\t\n\t\t\t\t\t\t\t\t\t<div class=\"elementor-cta__description elementor-cta__content-item elementor-content-item elementor-animated-item--grow\">\n\t\t\t\t\t\tZapisz si\u0119 do naszego newslettera, aby otrzymywa\u0107 informacje o dacie i lokalizacji rozpocz\u0119cia EV Festival of Speed.\t\t\t\t\t<\/div>\n\t\t\t\t\n\t\t\t\t\t\t\t\t\t<div class=\"elementor-cta__button-wrapper elementor-cta__content-item elementor-content-item elementor-animated-item--grow\">\n\t\t\t\t\t<a class=\"elementor-cta__button elementor-button elementor-size-\">\n\t\t\t\t\t\tKliknij tutaj\t\t\t\t\t<\/a>\n\t\t\t\t\t<\/div>\n\t\t\t\t\t\t\t<\/div>\n\t\t\t\t\t\t<\/div>\n\t\t\t\t\t\t<\/div>\n\t\t\t\t<\/div>\n\t\t\t\t\t<\/div>\n\t\t\t\t<\/div>\n\t\t<div class=\"elementor-element elementor-element-06c74cc e-flex e-con-boxed e-con e-parent\" data-id=\"06c74cc\" data-element_type=\"container\" data-e-type=\"container\">\n\t\t\t\t\t<div class=\"e-con-inner\">\n\t\t\t\t<div class=\"elementor-element elementor-element-c13700d elementor-widget elementor-widget-heading\" data-id=\"c13700d\" data-element_type=\"widget\" data-e-type=\"widget\" data-widget_type=\"heading.default\">\n\t\t\t\t<div class=\"elementor-widget-container\">\n\t\t\t\t\t<h3 class=\"elementor-heading-title elementor-size-default\">Partnerzy wydarzenia EV Festival of Speed<\/h3>\t\t\t\t<\/div>\n\t\t\t\t<\/div>\n\t\t\t\t\t<\/div>\n\t\t\t\t<\/div>\n\t\t\t\t<\/div>","protected":false},"excerpt":{"rendered":"<p>EV Festival of Speed (EVFOS), organizowany przez EVWRA (Electric Vehicle World Racing Association), jest...<\/p>","protected":false},"author":165558846,"featured_media":0,"parent":0,"menu_order":0,"comment_status":"closed","ping_status":"closed","template":"","meta":{"_coblocks_attr":"","_coblocks_dimensions":"","_coblocks_responsive_height":"","_coblocks_accordion_ie_support":"","_crdt_document":"","advanced_seo_description":"","jetpack_seo_html_title":"","jetpack_seo_noindex":false,"two_page_speed":[],"footnotes":""},"class_list":["post-211","page","type-page","status-publish","hentry"],"jetpack_likes_enabled":true,"jetpack_sharing_enabled":true,"jetpack_shortlink":"https:\/\/wp.me\/Pepfs2-3p","jetpack-related-posts":[],"amp_enabled":true,"_links":{"self":[{"href":"https:\/\/evwra.org\/pl\/wp-json\/wp\/v2\/pages\/211","targetHints":{"allow":["GET"]}}],"collection":[{"href":"https:\/\/evwra.org\/pl\/wp-json\/wp\/v2\/pages"}],"about":[{"href":"https:\/\/evwra.org\/pl\/wp-json\/wp\/v2\/types\/page"}],"author":[{"embeddable":true,"href":"https:\/\/evwra.org\/pl\/wp-json\/wp\/v2\/users\/165558846"}],"replies":[{"embeddable":true,"href":"https:\/\/evwra.org\/pl\/wp-json\/wp\/v2\/comments?post=211"}],"version-history":[{"count":56,"href":"https:\/\/evwra.org\/pl\/wp-json\/wp\/v2\/pages\/211\/revisions"}],"predecessor-version":[{"id":2287,"href":"https:\/\/evwra.org\/pl\/wp-json\/wp\/v2\/pages\/211\/revisions\/2287"}],"wp:attachment":[{"href":"https:\/\/evwra.org\/pl\/wp-json\/wp\/v2\/media?parent=211"}],"curies":[{"name":"wp","href":"https:\/\/api.w.org\/{rel}","templated":true}]}}