{"id":636,"date":"2023-04-21T18:18:32","date_gmt":"2023-04-22T01:18:32","guid":{"rendered":"https:\/\/evwra.org\/?page_id=636"},"modified":"2023-05-25T13:04:05","modified_gmt":"2023-05-25T20:04:05","slug":"partnerzy-morscy","status":"publish","type":"page","link":"https:\/\/evwra.org\/pl\/partnerzy-morscy\/","title":{"rendered":"E Marine Partners"},"content":{"rendered":"<div data-elementor-type=\"wp-page\" data-elementor-id=\"636\" class=\"elementor elementor-636\" data-elementor-post-type=\"page\">\n\t\t\t\t<div class=\"elementor-element elementor-element-c2b3f18 e-flex e-con-boxed e-con e-parent\" data-id=\"c2b3f18\" data-element_type=\"container\" data-e-type=\"container\">\n\t\t\t\t\t<div class=\"e-con-inner\">\n\t\t\t\t<div class=\"elementor-element elementor-element-9e0fb97 elementor-widget elementor-widget-text-editor\" data-id=\"9e0fb97\" data-element_type=\"widget\" data-e-type=\"widget\" data-widget_type=\"text-editor.default\">\n\t\t\t\t<div class=\"elementor-widget-container\">\n\t\t\t\t\t\t\t\t\t<p><span style=\"color: #000000;\">Bezwzgl\u0119dnie uznajemy i doceniamy wsparcie naszych partner\u00f3w E Marine, kt\u00f3re ma kluczowe znaczenie dla sukcesu wydarze\u0144 i serii morskich EVWRA (EV World Racing Association). Zaanga\u017cowanie zar\u00f3wno partner\u00f3w obiektu, jak i partner\u00f3w serii ma zasadnicze znaczenie dla zapewnienia niezb\u0119dnej infrastruktury, zasob\u00f3w i wsparcia, aby te wydarzenia by\u0142y mo\u017cliwe.<\/span><\/p><p><span style=\"color: #000000;\">Oficjalni partnerzy korporacyjni, tacy jak miejsca wydarze\u0144, odgrywaj\u0105 kluczow\u0105 rol\u0119 w organizacji wydarze\u0144 aquafilmowych. Zapewniaj\u0105 oni odpowiednie lokalizacje z odpowiednimi udogodnieniami, w tym uk\u0142ady imprez, zabezpieczenia, obszary dla widz\u00f3w i inne udogodnienia wymagane do przeprowadzenia imprezy. Ich wsp\u00f3\u0142praca zapewnia, \u017ce wydarzenia maj\u0105 niezb\u0119dn\u0105 infrastruktur\u0119, aby zapewni\u0107 bezpiecze\u0144stwo i przyjemno\u015b\u0107 uczestnikom i widzom.<\/span><\/p><p><span style=\"color: #000000;\">Co wi\u0119cej, oficjalni partnerzy korporacyjni serii s\u0105 r\u00f3wnie wa\u017cni dla sukcesu EVWRA. Partnerzy ci zapewniaj\u0105 wsparcie w r\u00f3\u017cnych obszarach, takich jak wsparcie finansowe, wiedza techniczna, dzia\u0142ania promocyjne i zasoby wymagane do organizacji i prowadzenia serii wy\u015bcig\u00f3w. Ich zaanga\u017cowanie pomaga podnie\u015b\u0107 rang\u0119 wydarze\u0144 i poprawia og\u00f3lne wra\u017cenia z wy\u015bcig\u00f3w dla uczestnik\u00f3w i fan\u00f3w.<\/span><\/p><p><span style=\"color: #000000;\">W kontek\u015bcie wy\u015bcig\u00f3w elektrycznych folii wodnych prawd\u0105 jest, \u017ce alternatywny nap\u0119d jest powa\u017cnym wyzwaniem, przed kt\u00f3rym stoj\u0105 sektory elektrycznych sport\u00f3w motorowych. Przemys\u0142 motoryzacyjny przoduje w rewolucjonizowaniu e-mobilno\u015bci w terenie, a elektryczne folie wodne s\u0105 cz\u0119\u015bci\u0105 tej transformacji.<\/span><\/p><p><span style=\"color: #000000;\">Ze wzgl\u0119du na unikalne cechy wy\u015bcig\u00f3w elektrycznych aqua-film\u00f3w, w tym technologi\u0119 akumulator\u00f3w i wzgl\u0119dy bezpiecze\u0144stwa, ustanowienie najlepszych protoko\u0142\u00f3w bezpiecze\u0144stwa dla wy\u015bcig\u00f3w e-aqua-film\u00f3w ma zasadnicze znaczenie. Wsp\u00f3\u0142pracuj\u0105c ze sob\u0105, EVWRA i jej partnerzy mog\u0105 opracowa\u0107 i wdro\u017cy\u0107 solidne \u015brodki bezpiecze\u0144stwa, kt\u00f3re zapewni\u0105 dobre samopoczucie zawodnik\u00f3w i przyczyni\u0105 si\u0119 do og\u00f3lnego rozwoju standard\u00f3w bezpiecze\u0144stwa w bran\u017cy e-wy\u015bcig\u00f3w.<\/span><\/p><p><span style=\"color: #000000;\">Uznaj\u0105c znaczenie wsparcia partner\u00f3w korporacyjnych i wsp\u00f3\u0142pracuj\u0105c nad protoko\u0142ami bezpiecze\u0144stwa, EVWRA mo\u017ce wspiera\u0107 bezpieczniejsze i bardziej anga\u017cuj\u0105ce \u015brodowisko wy\u015bcig\u00f3w elektrycznych folii, nap\u0119dzaj\u0105c wzrost i rozw\u00f3j bran\u017cy.<\/span><\/p>\t\t\t\t\t\t\t\t<\/div>\n\t\t\t\t<\/div>\n\t\t\t\t\t<\/div>\n\t\t\t\t<\/div>\n\t\t\t\t<\/div>","protected":false},"excerpt":{"rendered":"<p>Doceniamy i doceniamy wsparcie naszych partner\u00f3w E Marine, kt\u00f3re ma kluczowe znaczenie dla...<\/p>","protected":false},"author":165558846,"featured_media":0,"parent":0,"menu_order":0,"comment_status":"closed","ping_status":"closed","template":"","meta":{"_coblocks_attr":"","_coblocks_dimensions":"","_coblocks_responsive_height":"","_coblocks_accordion_ie_support":"","_crdt_document":"","advanced_seo_description":"","jetpack_seo_html_title":"","jetpack_seo_noindex":false,"two_page_speed":[],"footnotes":""},"class_list":["post-636","page","type-page","status-publish","hentry"],"jetpack_likes_enabled":true,"jetpack_sharing_enabled":true,"jetpack_shortlink":"https:\/\/wp.me\/Pepfs2-ag","jetpack-related-posts":[],"amp_enabled":true,"_links":{"self":[{"href":"https:\/\/evwra.org\/pl\/wp-json\/wp\/v2\/pages\/636","targetHints":{"allow":["GET"]}}],"collection":[{"href":"https:\/\/evwra.org\/pl\/wp-json\/wp\/v2\/pages"}],"about":[{"href":"https:\/\/evwra.org\/pl\/wp-json\/wp\/v2\/types\/page"}],"author":[{"embeddable":true,"href":"https:\/\/evwra.org\/pl\/wp-json\/wp\/v2\/users\/165558846"}],"replies":[{"embeddable":true,"href":"https:\/\/evwra.org\/pl\/wp-json\/wp\/v2\/comments?post=636"}],"version-history":[{"count":12,"href":"https:\/\/evwra.org\/pl\/wp-json\/wp\/v2\/pages\/636\/revisions"}],"predecessor-version":[{"id":1153,"href":"https:\/\/evwra.org\/pl\/wp-json\/wp\/v2\/pages\/636\/revisions\/1153"}],"wp:attachment":[{"href":"https:\/\/evwra.org\/pl\/wp-json\/wp\/v2\/media?parent=636"}],"curies":[{"name":"wp","href":"https:\/\/api.w.org\/{rel}","templated":true}]}}