{"id":648,"date":"2023-04-21T18:23:27","date_gmt":"2023-04-22T01:23:27","guid":{"rendered":"https:\/\/evwra.org\/?page_id=648"},"modified":"2024-09-03T18:24:28","modified_gmt":"2024-09-04T01:24:28","slug":"wsc","status":"publish","type":"page","link":"https:\/\/evwra.org\/pl\/wsc\/","title":{"rendered":"M\u015a"},"content":{"rendered":"<div data-elementor-type=\"wp-page\" data-elementor-id=\"648\" class=\"elementor elementor-648\" data-elementor-post-type=\"page\">\n\t\t\t\t<div class=\"elementor-element elementor-element-304242c e-flex e-con-boxed e-con e-parent\" data-id=\"304242c\" data-element_type=\"container\" data-e-type=\"container\">\n\t\t\t\t\t<div class=\"e-con-inner\">\n\t\t\t\t<div class=\"elementor-element elementor-element-ec6e117 elementor-widget elementor-widget-image\" data-id=\"ec6e117\" data-element_type=\"widget\" data-e-type=\"widget\" data-widget_type=\"image.default\">\n\t\t\t\t<div class=\"elementor-widget-container\">\n\t\t\t\t\t\t\t\t\t\t\t\t\t\t\t\t<a href=\"https:\/\/worldspeedchallenge.com\/about_wsc\/\">\n\t\t\t\t\t\t\t<img decoding=\"async\" data-attachment-id=\"848\" data-permalink=\"https:\/\/evwra.org\/pl\/wsc\/world-speed-challenge-main-logo-1\/\" data-orig-file=\"https:\/\/evwra.org\/wp-content\/uploads\/2023\/05\/World-Speed-Challenge-Main-Logo-1.png\" data-orig-size=\"923,441\" data-comments-opened=\"1\" data-image-meta=\"{&quot;aperture&quot;:&quot;0&quot;,&quot;credit&quot;:&quot;&quot;,&quot;camera&quot;:&quot;&quot;,&quot;caption&quot;:&quot;&quot;,&quot;created_timestamp&quot;:&quot;0&quot;,&quot;copyright&quot;:&quot;&quot;,&quot;focal_length&quot;:&quot;0&quot;,&quot;iso&quot;:&quot;0&quot;,&quot;shutter_speed&quot;:&quot;0&quot;,&quot;title&quot;:&quot;&quot;,&quot;orientation&quot;:&quot;0&quot;}\" data-image-title=\"World Speed Challenge Main Logo 1\" data-image-description=\"\" data-image-caption=\"\" data-medium-file=\"https:\/\/evwra.org\/wp-content\/uploads\/2023\/05\/World-Speed-Challenge-Main-Logo-1-300x143.png\" data-large-file=\"https:\/\/evwra.org\/wp-content\/uploads\/2023\/05\/World-Speed-Challenge-Main-Logo-1.png\" width=\"300\" height=\"143\" src=\"https:\/\/evwra.org\/wp-content\/uploads\/2023\/05\/World-Speed-Challenge-Main-Logo-1-300x143.png\" class=\"attachment-medium size-medium wp-image-848\" alt=\"\" srcset=\"https:\/\/evwra.org\/wp-content\/uploads\/2023\/05\/World-Speed-Challenge-Main-Logo-1-300x143.png 300w, https:\/\/evwra.org\/wp-content\/uploads\/2023\/05\/World-Speed-Challenge-Main-Logo-1-768x367.png 768w, https:\/\/evwra.org\/wp-content\/uploads\/2023\/05\/World-Speed-Challenge-Main-Logo-1.png 923w\" sizes=\"(max-width: 300px) 100vw, 300px\" \/>\t\t\t\t\t\t\t\t<\/a>\n\t\t\t\t\t\t\t\t\t\t\t\t\t\t\t<\/div>\n\t\t\t\t<\/div>\n\t\t\t\t\t<\/div>\n\t\t\t\t<\/div>\n\t\t<div class=\"elementor-element elementor-element-3692005 e-flex e-con-boxed e-con e-parent\" data-id=\"3692005\" data-element_type=\"container\" data-e-type=\"container\">\n\t\t\t\t\t<div class=\"e-con-inner\">\n\t\t\t\t<div class=\"elementor-element elementor-element-0c38f05 elementor-widget elementor-widget-text-editor\" data-id=\"0c38f05\" data-element_type=\"widget\" data-e-type=\"widget\" data-widget_type=\"text-editor.default\">\n\t\t\t\t<div class=\"elementor-widget-container\">\n\t\t\t\t\t\t\t\t\t<p><span style=\"color: #000000;\">We at EVWRA\u00a0<\/span><a href=\"https:\/\/worldspeedchallenge.com\/about_wsc\/\" target=\"_blank\" rel=\"noopener\">World Speed Challenge (WSC)\u00a0<\/a><span style=\"color: #000000;\">zamierzamy przesun\u0105\u0107 granice technologii elektrycznej i hybrydowej poprzez nasz\u0105 seri\u0119 wy\u015bcig\u00f3w World Speed Challenge (WSC). Dzi\u0119ki specjalnie skonstruowanym samochodom wy\u015bcigowym zaprojektowanym specjalnie do wy\u015bcig\u00f3w, kt\u00f3re trwaj\u0105 od 90 do 120 minut, jest to rygorystyczny i wymagaj\u0105cy test pojazd\u00f3w elektrycznych i hybrydowych oraz kierowc\u00f3w.<\/span><\/p><p><span style=\"color: #000000;\">WSC stanowi platform\u0119 dla producent\u00f3w sportowych i wy\u015bcigowych samochod\u00f3w elektrycznych i hybrydowych do testowania i udoskonalania technologii elektrycznych i hybrydowych w wysoce konkurencyjnym i wymagaj\u0105cym \u015brodowisku. Testuj\u0105c zaawansowan\u0105 technologi\u0119 akumulator\u00f3w i projekty samochod\u00f3w z my\u015bl\u0105 o wydajno\u015bci i bezpiecze\u0144stwie, WSC pomaga nap\u0119dza\u0107 innowacje i post\u0119p w tej wyspecjalizowanej bran\u017cy.<\/span><\/p><p><span style=\"color: #000000;\">W\u0142\u0105czenie wielu kategorii wy\u015bcigowych do M\u015a, takich jak eTCWSC, eGT4WSC, eGT3WSC, eGT2WSC i ostatecznie seria eGT1WSC, zapewnia, \u017ce w wyzwaniu mo\u017ce wzi\u0105\u0107 udzia\u0142 szeroka gama producent\u00f3w i typ\u00f3w pojazd\u00f3w. Ta r\u00f3\u017cnorodno\u015b\u0107 sprawia r\u00f3wnie\u017c, \u017ce seria jest bardziej anga\u017cuj\u0105ca dla fan\u00f3w i entuzjast\u00f3w, kt\u00f3rzy mog\u0105 kibicowa\u0107 swoim ulubionym zespo\u0142om i kierowcom.<\/span><\/p><p><span style=\"color: #000000;\">EVWRA's World Speed Challenge pomaga kszta\u0142towa\u0107 przysz\u0142o\u015b\u0107 technologii pojazd\u00f3w elektrycznych i hybrydowych w sportach motorowych, przesuwaj\u0105c granice tego, co jest obecnie mo\u017cliwe. WSC b\u0119dzie ekscytuj\u0105c\u0105 i wymagaj\u0105c\u0105 seri\u0105 wy\u015bcigow\u0105, kt\u00f3ra poka\u017ce potencja\u0142 technologii EV i hybrydowej w dziedzinie wy\u015bcig\u00f3w o wysokich osi\u0105gach, kt\u00f3re z pewno\u015bci\u0105 przyci\u0105gn\u0105 uwag\u0119 zar\u00f3wno entuzjast\u00f3w wy\u015bcig\u00f3w, jak i entuzjast\u00f3w motoryzacyjnych sport\u00f3w motorowych.<\/span><\/p>\t\t\t\t\t\t\t\t<\/div>\n\t\t\t\t<\/div>\n\t\t\t\t\t<\/div>\n\t\t\t\t<\/div>\n\t\t<div class=\"elementor-element elementor-element-f0d42d6 e-flex e-con-boxed e-con e-parent\" data-id=\"f0d42d6\" data-element_type=\"container\" data-e-type=\"container\">\n\t\t\t\t\t<div class=\"e-con-inner\">\n\t\t\t\t<div class=\"elementor-element elementor-element-d9ea0c3 elementor-widget elementor-widget-heading\" data-id=\"d9ea0c3\" data-element_type=\"widget\" data-e-type=\"widget\" data-widget_type=\"heading.default\">\n\t\t\t\t<div class=\"elementor-widget-container\">\n\t\t\t\t\t<h3 class=\"elementor-heading-title elementor-size-default\">eTC WSC  <\/h3>\t\t\t\t<\/div>\n\t\t\t\t<\/div>\n\t\t\t\t\t<\/div>\n\t\t\t\t<\/div>\n\t\t<div class=\"elementor-element elementor-element-7266782 e-flex e-con-boxed e-con e-parent\" data-id=\"7266782\" data-element_type=\"container\" data-e-type=\"container\">\n\t\t\t\t\t<div class=\"e-con-inner\">\n\t\t\t\t<div class=\"elementor-element elementor-element-69d6094 elementor-widget elementor-widget-image\" data-id=\"69d6094\" data-element_type=\"widget\" data-e-type=\"widget\" data-widget_type=\"image.default\">\n\t\t\t\t<div class=\"elementor-widget-container\">\n\t\t\t\t\t\t\t\t\t\t\t\t\t\t\t\t<a href=\"https:\/\/worldspeedchallenge.com\/etc_wsc\">\n\t\t\t\t\t\t\t<img decoding=\"async\" data-attachment-id=\"449\" data-permalink=\"https:\/\/evwra.org\/pl\/o-nas\/world-speed-challenge-etc-s\/\" data-orig-file=\"https:\/\/evwra.org\/wp-content\/uploads\/2023\/04\/World-Speed-Challenge-eTC-s.png\" data-orig-size=\"125,88\" data-comments-opened=\"1\" data-image-meta=\"{&quot;aperture&quot;:&quot;0&quot;,&quot;credit&quot;:&quot;&quot;,&quot;camera&quot;:&quot;&quot;,&quot;caption&quot;:&quot;&quot;,&quot;created_timestamp&quot;:&quot;0&quot;,&quot;copyright&quot;:&quot;&quot;,&quot;focal_length&quot;:&quot;0&quot;,&quot;iso&quot;:&quot;0&quot;,&quot;shutter_speed&quot;:&quot;0&quot;,&quot;title&quot;:&quot;&quot;,&quot;orientation&quot;:&quot;0&quot;}\" data-image-title=\"World Speed Challenge eTC-s\" data-image-description=\"\" data-image-caption=\"\" data-medium-file=\"https:\/\/evwra.org\/wp-content\/uploads\/2023\/04\/World-Speed-Challenge-eTC-s.png\" data-large-file=\"https:\/\/evwra.org\/wp-content\/uploads\/2023\/04\/World-Speed-Challenge-eTC-s.png\" width=\"125\" height=\"88\" src=\"https:\/\/evwra.org\/wp-content\/uploads\/2023\/04\/World-Speed-Challenge-eTC-s.png\" class=\"attachment-thumbnail size-thumbnail wp-image-449\" alt=\"\" \/>\t\t\t\t\t\t\t\t<\/a>\n\t\t\t\t\t\t\t\t\t\t\t\t\t\t\t<\/div>\n\t\t\t\t<\/div>\n\t\t\t\t\t<\/div>\n\t\t\t\t<\/div>\n\t\t<div class=\"elementor-element elementor-element-aa18929 e-flex e-con-boxed e-con e-parent\" data-id=\"aa18929\" data-element_type=\"container\" data-e-type=\"container\">\n\t\t\t\t\t<div class=\"e-con-inner\">\n\t\t\t\t<div class=\"elementor-element elementor-element-90a023d elementor-widget elementor-widget-heading\" data-id=\"90a023d\" data-element_type=\"widget\" data-e-type=\"widget\" data-widget_type=\"heading.default\">\n\t\t\t\t<div class=\"elementor-widget-container\">\n\t\t\t\t\t<h3 class=\"elementor-heading-title elementor-size-default\">eGT4 WSC<\/h3>\t\t\t\t<\/div>\n\t\t\t\t<\/div>\n\t\t\t\t\t<\/div>\n\t\t\t\t<\/div>\n\t\t<div class=\"elementor-element elementor-element-4bb3173 e-flex e-con-boxed e-con e-parent\" data-id=\"4bb3173\" data-element_type=\"container\" data-e-type=\"container\">\n\t\t\t\t\t<div class=\"e-con-inner\">\n\t\t\t\t\t<\/div>\n\t\t\t\t<\/div>\n\t\t<div class=\"elementor-element elementor-element-a33209d e-flex e-con-boxed e-con e-parent\" data-id=\"a33209d\" data-element_type=\"container\" data-e-type=\"container\">\n\t\t\t\t\t<div class=\"e-con-inner\">\n\t\t\t\t<div class=\"elementor-element elementor-element-41a3a39 elementor-widget elementor-widget-heading\" data-id=\"41a3a39\" data-element_type=\"widget\" data-e-type=\"widget\" data-widget_type=\"heading.default\">\n\t\t\t\t<div class=\"elementor-widget-container\">\n\t\t\t\t\t<h3 class=\"elementor-heading-title elementor-size-default\">eGT3 WSC<\/h3>\t\t\t\t<\/div>\n\t\t\t\t<\/div>\n\t\t\t\t\t<\/div>\n\t\t\t\t<\/div>\n\t\t<div class=\"elementor-element elementor-element-9ad6093 e-flex e-con-boxed e-con e-parent\" data-id=\"9ad6093\" data-element_type=\"container\" data-e-type=\"container\">\n\t\t\t\t\t<div class=\"e-con-inner\">\n\t\t\t\t<div class=\"elementor-element elementor-element-e7ca8c7 elementor-widget elementor-widget-image\" data-id=\"e7ca8c7\" data-element_type=\"widget\" data-e-type=\"widget\" data-widget_type=\"image.default\">\n\t\t\t\t<div class=\"elementor-widget-container\">\n\t\t\t\t\t\t\t\t\t\t\t\t\t\t\t\t<a href=\"https:\/\/worldspeedchallenge.com\/egt3_wsc\/\">\n\t\t\t\t\t\t\t<img decoding=\"async\" data-attachment-id=\"446\" data-permalink=\"https:\/\/evwra.org\/pl\/o-nas\/world-speed-challenge-e-gt3-s\/\" data-orig-file=\"https:\/\/evwra.org\/wp-content\/uploads\/2023\/04\/World-Speed-Challenge-E-GT3-s-e1685026817789.png\" data-orig-size=\"128,83\" data-comments-opened=\"1\" data-image-meta=\"{&quot;aperture&quot;:&quot;0&quot;,&quot;credit&quot;:&quot;&quot;,&quot;camera&quot;:&quot;&quot;,&quot;caption&quot;:&quot;&quot;,&quot;created_timestamp&quot;:&quot;0&quot;,&quot;copyright&quot;:&quot;&quot;,&quot;focal_length&quot;:&quot;0&quot;,&quot;iso&quot;:&quot;0&quot;,&quot;shutter_speed&quot;:&quot;0&quot;,&quot;title&quot;:&quot;&quot;,&quot;orientation&quot;:&quot;0&quot;}\" data-image-title=\"World Speed Challenge E GT3-s\" data-image-description=\"\" data-image-caption=\"\" data-medium-file=\"https:\/\/evwra.org\/wp-content\/uploads\/2023\/04\/World-Speed-Challenge-E-GT3-s-e1685026817789.png\" data-large-file=\"https:\/\/evwra.org\/wp-content\/uploads\/2023\/04\/World-Speed-Challenge-E-GT3-s-e1685026817789.png\" width=\"128\" height=\"83\" src=\"https:\/\/evwra.org\/wp-content\/uploads\/2023\/04\/World-Speed-Challenge-E-GT3-s-e1685026817789.png\" class=\"attachment-thumbnail size-thumbnail wp-image-446\" alt=\"\" \/>\t\t\t\t\t\t\t\t<\/a>\n\t\t\t\t\t\t\t\t\t\t\t\t\t\t\t<\/div>\n\t\t\t\t<\/div>\n\t\t\t\t\t<\/div>\n\t\t\t\t<\/div>\n\t\t<div class=\"elementor-element elementor-element-e2e6687 e-flex e-con-boxed e-con e-parent\" data-id=\"e2e6687\" data-element_type=\"container\" data-e-type=\"container\">\n\t\t\t\t\t<div class=\"e-con-inner\">\n\t\t\t\t<div class=\"elementor-element elementor-element-1d13343 elementor-widget elementor-widget-heading\" data-id=\"1d13343\" data-element_type=\"widget\" data-e-type=\"widget\" data-widget_type=\"heading.default\">\n\t\t\t\t<div class=\"elementor-widget-container\">\n\t\t\t\t\t<h3 class=\"elementor-heading-title elementor-size-default\">eGT2 WSC<\/h3>\t\t\t\t<\/div>\n\t\t\t\t<\/div>\n\t\t\t\t\t<\/div>\n\t\t\t\t<\/div>\n\t\t<div class=\"elementor-element elementor-element-18c0fa4 e-flex e-con-boxed e-con e-parent\" data-id=\"18c0fa4\" data-element_type=\"container\" data-e-type=\"container\">\n\t\t\t\t\t<div class=\"e-con-inner\">\n\t\t\t\t<div class=\"elementor-element elementor-element-8ad9a16 elementor-widget elementor-widget-image\" data-id=\"8ad9a16\" data-element_type=\"widget\" data-e-type=\"widget\" data-widget_type=\"image.default\">\n\t\t\t\t<div class=\"elementor-widget-container\">\n\t\t\t\t\t\t\t\t\t\t\t\t\t\t\t\t<a href=\"https:\/\/worldspeedchallenge.com\/egt2_wsc\/\">\n\t\t\t\t\t\t\t<img loading=\"lazy\" decoding=\"async\" data-attachment-id=\"445\" data-permalink=\"https:\/\/evwra.org\/pl\/o-nas\/world-speed-challenge-e-gt2-s\/\" data-orig-file=\"https:\/\/evwra.org\/wp-content\/uploads\/2023\/04\/World-Speed-Challenge-E-GT2-s.png\" data-orig-size=\"125,88\" data-comments-opened=\"1\" data-image-meta=\"{&quot;aperture&quot;:&quot;0&quot;,&quot;credit&quot;:&quot;&quot;,&quot;camera&quot;:&quot;&quot;,&quot;caption&quot;:&quot;&quot;,&quot;created_timestamp&quot;:&quot;0&quot;,&quot;copyright&quot;:&quot;&quot;,&quot;focal_length&quot;:&quot;0&quot;,&quot;iso&quot;:&quot;0&quot;,&quot;shutter_speed&quot;:&quot;0&quot;,&quot;title&quot;:&quot;&quot;,&quot;orientation&quot;:&quot;0&quot;}\" data-image-title=\"World Speed Challenge E GT2-s\" data-image-description=\"\" data-image-caption=\"\" data-medium-file=\"https:\/\/evwra.org\/wp-content\/uploads\/2023\/04\/World-Speed-Challenge-E-GT2-s.png\" data-large-file=\"https:\/\/evwra.org\/wp-content\/uploads\/2023\/04\/World-Speed-Challenge-E-GT2-s.png\" width=\"125\" height=\"88\" src=\"https:\/\/evwra.org\/wp-content\/uploads\/2023\/04\/World-Speed-Challenge-E-GT2-s.png\" class=\"attachment-thumbnail size-thumbnail wp-image-445\" alt=\"\" \/>\t\t\t\t\t\t\t\t<\/a>\n\t\t\t\t\t\t\t\t\t\t\t\t\t\t\t<\/div>\n\t\t\t\t<\/div>\n\t\t\t\t\t<\/div>\n\t\t\t\t<\/div>\n\t\t<div class=\"elementor-element elementor-element-c3f6ab5 e-flex e-con-boxed e-con e-parent\" data-id=\"c3f6ab5\" data-element_type=\"container\" data-e-type=\"container\">\n\t\t\t\t\t<div class=\"e-con-inner\">\n\t\t\t\t<div class=\"elementor-element elementor-element-43721ef elementor-widget elementor-widget-heading\" data-id=\"43721ef\" data-element_type=\"widget\" data-e-type=\"widget\" data-widget_type=\"heading.default\">\n\t\t\t\t<div class=\"elementor-widget-container\">\n\t\t\t\t\t<h3 class=\"elementor-heading-title elementor-size-default\">eGT1 WSC<\/h3>\t\t\t\t<\/div>\n\t\t\t\t<\/div>\n\t\t\t\t\t<\/div>\n\t\t\t\t<\/div>\n\t\t<div class=\"elementor-element elementor-element-095df40 e-flex e-con-boxed e-con e-parent\" data-id=\"095df40\" data-element_type=\"container\" data-e-type=\"container\">\n\t\t\t\t\t<div class=\"e-con-inner\">\n\t\t\t\t<div class=\"elementor-element elementor-element-daec1f3 elementor-widget elementor-widget-image\" data-id=\"daec1f3\" data-element_type=\"widget\" data-e-type=\"widget\" data-widget_type=\"image.default\">\n\t\t\t\t<div class=\"elementor-widget-container\">\n\t\t\t\t\t\t\t\t\t\t\t\t\t\t\t\t<a href=\"https:\/\/worldspeedchallenge.com\/egt1_wsc\/\">\n\t\t\t\t\t\t\t<img loading=\"lazy\" decoding=\"async\" data-attachment-id=\"444\" data-permalink=\"https:\/\/evwra.org\/pl\/o-nas\/world-speed-challenge-e-gt1-s\/\" data-orig-file=\"https:\/\/evwra.org\/wp-content\/uploads\/2023\/04\/World-Speed-Challenge-E-GT1-s.png\" data-orig-size=\"125,88\" data-comments-opened=\"1\" data-image-meta=\"{&quot;aperture&quot;:&quot;0&quot;,&quot;credit&quot;:&quot;&quot;,&quot;camera&quot;:&quot;&quot;,&quot;caption&quot;:&quot;&quot;,&quot;created_timestamp&quot;:&quot;0&quot;,&quot;copyright&quot;:&quot;&quot;,&quot;focal_length&quot;:&quot;0&quot;,&quot;iso&quot;:&quot;0&quot;,&quot;shutter_speed&quot;:&quot;0&quot;,&quot;title&quot;:&quot;&quot;,&quot;orientation&quot;:&quot;0&quot;}\" data-image-title=\"World Speed Challenge E GT1-s\" data-image-description=\"\" data-image-caption=\"\" data-medium-file=\"https:\/\/evwra.org\/wp-content\/uploads\/2023\/04\/World-Speed-Challenge-E-GT1-s.png\" data-large-file=\"https:\/\/evwra.org\/wp-content\/uploads\/2023\/04\/World-Speed-Challenge-E-GT1-s.png\" width=\"125\" height=\"88\" src=\"https:\/\/evwra.org\/wp-content\/uploads\/2023\/04\/World-Speed-Challenge-E-GT1-s.png\" class=\"attachment-thumbnail size-thumbnail wp-image-444\" alt=\"\" \/>\t\t\t\t\t\t\t\t<\/a>\n\t\t\t\t\t\t\t\t\t\t\t\t\t\t\t<\/div>\n\t\t\t\t<\/div>\n\t\t\t\t\t<\/div>\n\t\t\t\t<\/div>\n\t\t\t\t<\/div>","protected":false},"excerpt":{"rendered":"<p>We at EVWRA\u00a0World Speed Challenge (WSC)\u00a0are going to push the boundaries of EV and hybrid&#8230;<\/p>","protected":false},"author":165558846,"featured_media":0,"parent":0,"menu_order":0,"comment_status":"closed","ping_status":"closed","template":"","meta":{"_coblocks_attr":"","_coblocks_dimensions":"","_coblocks_responsive_height":"","_coblocks_accordion_ie_support":"","_crdt_document":"","advanced_seo_description":"","jetpack_seo_html_title":"","jetpack_seo_noindex":false,"jetpack_post_was_ever_published":false,"two_page_speed":[],"footnotes":""},"class_list":["post-648","page","type-page","status-publish","hentry"],"jetpack_likes_enabled":true,"jetpack_sharing_enabled":true,"jetpack_shortlink":"https:\/\/wp.me\/Pepfs2-as","jetpack-related-posts":[],"amp_enabled":true,"_links":{"self":[{"href":"https:\/\/evwra.org\/pl\/wp-json\/wp\/v2\/pages\/648","targetHints":{"allow":["GET"]}}],"collection":[{"href":"https:\/\/evwra.org\/pl\/wp-json\/wp\/v2\/pages"}],"about":[{"href":"https:\/\/evwra.org\/pl\/wp-json\/wp\/v2\/types\/page"}],"author":[{"embeddable":true,"href":"https:\/\/evwra.org\/pl\/wp-json\/wp\/v2\/users\/165558846"}],"replies":[{"embeddable":true,"href":"https:\/\/evwra.org\/pl\/wp-json\/wp\/v2\/comments?post=648"}],"version-history":[{"count":55,"href":"https:\/\/evwra.org\/pl\/wp-json\/wp\/v2\/pages\/648\/revisions"}],"predecessor-version":[{"id":2415,"href":"https:\/\/evwra.org\/pl\/wp-json\/wp\/v2\/pages\/648\/revisions\/2415"}],"wp:attachment":[{"href":"https:\/\/evwra.org\/pl\/wp-json\/wp\/v2\/media?parent=648"}],"curies":[{"name":"wp","href":"https:\/\/api.w.org\/{rel}","templated":true}]}}