{"id":654,"date":"2023-04-21T18:28:12","date_gmt":"2023-04-22T01:28:12","guid":{"rendered":"https:\/\/evwra.org\/?page_id=654"},"modified":"2024-07-23T18:31:57","modified_gmt":"2024-07-24T01:31:57","slug":"e-racing-nation-2","status":"publish","type":"page","link":"https:\/\/evwra.org\/pt\/e-racing-nation-2\/","title":{"rendered":"E Racing Nation"},"content":{"rendered":"<div data-elementor-type=\"wp-page\" data-elementor-id=\"654\" class=\"elementor elementor-654\" data-elementor-post-type=\"page\">\n\t\t\t\t<div class=\"elementor-element elementor-element-29594d0 e-flex e-con-boxed e-con e-parent\" data-id=\"29594d0\" data-element_type=\"container\" data-e-type=\"container\">\n\t\t\t\t\t<div class=\"e-con-inner\">\n\t\t\t\t<div class=\"elementor-element elementor-element-a36473c elementor-widget elementor-widget-image\" data-id=\"a36473c\" data-element_type=\"widget\" data-e-type=\"widget\" data-widget_type=\"image.default\">\n\t\t\t\t<div class=\"elementor-widget-container\">\n\t\t\t\t\t\t\t\t\t\t\t\t\t\t\t<img fetchpriority=\"high\" decoding=\"async\" data-attachment-id=\"1162\" data-permalink=\"https:\/\/evwra.org\/pt\/e-racing-nation-2\/e-racing-nation-logo-2\/\" data-orig-file=\"https:\/\/evwra.org\/wp-content\/uploads\/2023\/05\/E-Racing-Nation-Logo-2.png\" data-orig-size=\"697,471\" data-comments-opened=\"1\" data-image-meta=\"{&quot;aperture&quot;:&quot;0&quot;,&quot;credit&quot;:&quot;&quot;,&quot;camera&quot;:&quot;&quot;,&quot;caption&quot;:&quot;&quot;,&quot;created_timestamp&quot;:&quot;0&quot;,&quot;copyright&quot;:&quot;&quot;,&quot;focal_length&quot;:&quot;0&quot;,&quot;iso&quot;:&quot;0&quot;,&quot;shutter_speed&quot;:&quot;0&quot;,&quot;title&quot;:&quot;&quot;,&quot;orientation&quot;:&quot;0&quot;}\" data-image-title=\"E Racing Nation Logo (2)\" data-image-description=\"\" data-image-caption=\"\" data-large-file=\"https:\/\/evwra.org\/wp-content\/uploads\/2023\/05\/E-Racing-Nation-Logo-2.png\" width=\"300\" height=\"203\" src=\"https:\/\/evwra.org\/wp-content\/uploads\/2023\/05\/E-Racing-Nation-Logo-2-300x203.png\" class=\"attachment-medium size-medium wp-image-1162\" alt=\"\" srcset=\"https:\/\/evwra.org\/wp-content\/uploads\/2023\/05\/E-Racing-Nation-Logo-2-300x203.png 300w, https:\/\/evwra.org\/wp-content\/uploads\/2023\/05\/E-Racing-Nation-Logo-2-600x405.png 600w, https:\/\/evwra.org\/wp-content\/uploads\/2023\/05\/E-Racing-Nation-Logo-2.png 697w\" sizes=\"(max-width: 300px) 100vw, 300px\" \/>\t\t\t\t\t\t\t\t\t\t\t\t\t\t\t<\/div>\n\t\t\t\t<\/div>\n\t\t\t\t\t<\/div>\n\t\t\t\t<\/div>\n\t\t<div class=\"elementor-element elementor-element-d1dd056 e-flex e-con-boxed e-con e-parent\" data-id=\"d1dd056\" data-element_type=\"container\" data-e-type=\"container\">\n\t\t\t\t\t<div class=\"e-con-inner\">\n\t\t\t\t<div class=\"elementor-element elementor-element-1beba76 elementor-widget elementor-widget-heading\" data-id=\"1beba76\" data-element_type=\"widget\" data-e-type=\"widget\" data-widget_type=\"heading.default\">\n\t\t\t\t<div class=\"elementor-widget-container\">\n\t\t\t\t\t<h3 class=\"elementor-heading-title elementor-size-default\">E Racing Nation (ERN) And Media Partners:<\/h3>\t\t\t\t<\/div>\n\t\t\t\t<\/div>\n\t\t\t\t\t<\/div>\n\t\t\t\t<\/div>\n\t\t<div class=\"elementor-element elementor-element-ada4e51 e-flex e-con-boxed e-con e-parent\" data-id=\"ada4e51\" data-element_type=\"container\" data-e-type=\"container\">\n\t\t\t\t\t<div class=\"e-con-inner\">\n\t\t\t\t<div class=\"elementor-element elementor-element-dc89468 elementor-widget elementor-widget-text-editor\" data-id=\"dc89468\" data-element_type=\"widget\" data-e-type=\"widget\" data-widget_type=\"text-editor.default\">\n\t\t\t\t<div class=\"elementor-widget-container\">\n\t\t\t\t\t\t\t\t\t<p><span style=\"color: #000000;\"><a href=\"https:\/\/eracingnation.com\">E Racing Nation<\/a> (ERN) atua como o bra\u00e7o de m\u00eddia da EVWRA e fornece as \u00faltimas not\u00edcias, boletins informativos, podcasts e v\u00eddeos de streaming relacionados a corridas e esportes motorizados el\u00e9tricos e h\u00edbridos. O bra\u00e7o de m\u00eddia cobre eventos e not\u00edcias relacionados \u00e0 EVWRA e seus parceiros de m\u00eddia, ajudando a manter entusiastas e profissionais atualizados sobre os \u00faltimos desenvolvimentos no setor de esportes motorizados el\u00e9tricos.<\/span><\/p><p><span style=\"color: #000000;\">Fornecendo uma plataforma para compartilhar informa\u00e7\u00f5es e percep\u00e7\u00f5es, <a href=\"https:\/\/eracingnation.com\">E Racing Nation<\/a> (ERN) ajuda a promover e aumentar a conscientiza\u00e7\u00e3o sobre a tecnologia de ve\u00edculos el\u00e9tricos e h\u00edbridos no setor de automobilismo e corridas. A cobertura do bra\u00e7o de m\u00eddia tamb\u00e9m serve para inspirar e entusiasmar entusiastas e profissionais sobre o potencial futuro dessa tecnologia no setor.<\/span><\/p><p><span style=\"color: #000000;\">Em geral, <a href=\"https:\/\/eracingnation.com\">E Racing Nation<\/a> (ERN) \u00e9 um recurso importante para os interessados em acompanhar os \u00faltimos desenvolvimentos em esportes motorizados e corridas de ve\u00edculos el\u00e9tricos e h\u00edbridos. Sua cobertura ajuda a aumentar a conscientiza\u00e7\u00e3o sobre o potencial dessa tecnologia e a promover a colabora\u00e7\u00e3o e a inova\u00e7\u00e3o no setor.<\/span><\/p>\t\t\t\t\t\t\t\t<\/div>\n\t\t\t\t<\/div>\n\t\t\t\t\t<\/div>\n\t\t\t\t<\/div>\n\t\t<div class=\"elementor-element elementor-element-afb237f e-flex e-con-boxed e-con e-parent\" data-id=\"afb237f\" data-element_type=\"container\" data-e-type=\"container\">\n\t\t\t\t\t<div class=\"e-con-inner\">\n\t\t\t\t<div class=\"elementor-element elementor-element-373da74 elementor-widget elementor-widget-heading\" data-id=\"373da74\" data-element_type=\"widget\" data-e-type=\"widget\" data-widget_type=\"heading.default\">\n\t\t\t\t<div class=\"elementor-widget-container\">\n\t\t\t\t\t<h3 class=\"elementor-heading-title elementor-size-default\">E Racing Nation's (ERN) Podcast<\/h3>\t\t\t\t<\/div>\n\t\t\t\t<\/div>\n\t\t\t\t\t<\/div>\n\t\t\t\t<\/div>\n\t\t<div class=\"elementor-element elementor-element-86501d4 e-flex e-con-boxed e-con e-parent\" data-id=\"86501d4\" data-element_type=\"container\" data-e-type=\"container\">\n\t\t\t\t\t<div class=\"e-con-inner\">\n\t\t\t\t<div class=\"elementor-element elementor-element-9f14321 elementor-widget elementor-widget-text-editor\" data-id=\"9f14321\" data-element_type=\"widget\" data-e-type=\"widget\" data-widget_type=\"text-editor.default\">\n\t\t\t\t<div class=\"elementor-widget-container\">\n\t\t\t\t\t\t\t\t\t<p><span style=\"color: #000000;\">Participe e ou\u00e7a o <a href=\"https:\/\/eracingnation.com\">E Racing Nation's<\/a> (ERN) Podcast da EV World Racing Association EVWRA com a equipe editorial e convidados com insights e an\u00e1lises de um painel global de inovadores do e-motorsport e entusiastas de corridas eletr\u00f4nicas l\u00edderes do setor.\u00a0<\/span><\/p>\t\t\t\t\t\t\t\t<\/div>\n\t\t\t\t<\/div>\n\t\t\t\t\t<\/div>\n\t\t\t\t<\/div>\n\t\t<div class=\"elementor-element elementor-element-0fe2033 e-flex e-con-boxed e-con e-parent\" data-id=\"0fe2033\" data-element_type=\"container\" data-e-type=\"container\">\n\t\t\t\t\t<div class=\"e-con-inner\">\n\t\t\t\t<div class=\"elementor-element elementor-element-5dc378f elementor-cta--skin-cover elementor-animated-content elementor-bg-transform elementor-bg-transform-zoom-in elementor-widget elementor-widget-call-to-action\" data-id=\"5dc378f\" data-element_type=\"widget\" data-e-type=\"widget\" data-widget_type=\"call-to-action.default\">\n\t\t\t\t<div class=\"elementor-widget-container\">\n\t\t\t\t\t\t\t<div class=\"elementor-cta\">\n\t\t\t\t\t<div class=\"elementor-cta__bg-wrapper\">\n\t\t\t\t<div class=\"elementor-cta__bg elementor-bg\" style=\"background-image: url(https:\/\/evwra.org\/wp-content\/uploads\/2023\/05\/E-Racing-Nation-Podcast-Logo-800x400.png);\" role=\"img\" aria-label=\"E Racing Nation Podcast Logo\"><\/div>\n\t\t\t\t<div class=\"elementor-cta__bg-overlay\"><\/div>\n\t\t\t<\/div>\n\t\t\t\t\t\t\t<div class=\"elementor-cta__content\">\n\t\t\t\t\n\t\t\t\t\t\t\t\t\t<h2 class=\"elementor-cta__title elementor-cta__content-item elementor-content-item elementor-animated-item--grow\">\n\t\t\t\t\t\tParticipe e ou\u00e7a o podcast do E Racing Nations\t\t\t\t\t<\/h2>\n\t\t\t\t\n\t\t\t\t\t\t\t\t\t<div class=\"elementor-cta__description elementor-cta__content-item elementor-content-item elementor-animated-item--grow\">\n\t\t\t\t\t\tWhere EV's &amp; Hybrid World Speed &amp; Endurance Records Are Made To Be Brocken!\t\t\t\t\t<\/div>\n\t\t\t\t\n\t\t\t\t\t\t\t\t\t<div class=\"elementor-cta__button-wrapper elementor-cta__content-item elementor-content-item elementor-animated-item--grow\">\n\t\t\t\t\t<a class=\"elementor-cta__button elementor-button elementor-size-\">\n\t\t\t\t\t\tDownload Or Listen Our Podcast\t\t\t\t\t<\/a>\n\t\t\t\t\t<\/div>\n\t\t\t\t\t\t\t<\/div>\n\t\t\t\t\t\t<\/div>\n\t\t\t\t\t\t<\/div>\n\t\t\t\t<\/div>\n\t\t\t\t\t<\/div>\n\t\t\t\t<\/div>\n\t\t<div class=\"elementor-element elementor-element-ccb8ccc e-flex e-con-boxed e-con e-parent\" data-id=\"ccb8ccc\" data-element_type=\"container\" data-e-type=\"container\">\n\t\t\t\t\t<div class=\"e-con-inner\">\n\t\t\t\t<div class=\"elementor-element elementor-element-d0f63bf elementor-widget elementor-widget-spacer\" data-id=\"d0f63bf\" data-element_type=\"widget\" data-e-type=\"widget\" data-widget_type=\"spacer.default\">\n\t\t\t\t<div class=\"elementor-widget-container\">\n\t\t\t\t\t\t\t<div class=\"elementor-spacer\">\n\t\t\t<div class=\"elementor-spacer-inner\"><\/div>\n\t\t<\/div>\n\t\t\t\t\t\t<\/div>\n\t\t\t\t<\/div>\n\t\t\t\t\t<\/div>\n\t\t\t\t<\/div>\n\t\t<div class=\"elementor-element elementor-element-dc6fe39 e-flex e-con-boxed e-con e-parent\" data-id=\"dc6fe39\" data-element_type=\"container\" data-e-type=\"container\">\n\t\t\t\t\t<div class=\"e-con-inner\">\n\t\t\t\t<div class=\"elementor-element elementor-element-2fa5d66 elementor-widget elementor-widget-heading\" data-id=\"2fa5d66\" data-element_type=\"widget\" data-e-type=\"widget\" data-widget_type=\"heading.default\">\n\t\t\t\t<div class=\"elementor-widget-container\">\n\t\t\t\t\t<h2 class=\"elementor-heading-title elementor-size-default\">Media Parners<\/h2>\t\t\t\t<\/div>\n\t\t\t\t<\/div>\n\t\t\t\t\t<\/div>\n\t\t\t\t<\/div>\n\t\t\t\t<\/div>","protected":false},"excerpt":{"rendered":"<p>E Racing Nation (ERN) And Media Partners: E Racing Nation (ERN) serves as the media&#8230;<\/p>","protected":false},"author":165558846,"featured_media":0,"parent":0,"menu_order":0,"comment_status":"closed","ping_status":"closed","template":"","meta":{"_coblocks_attr":"","_coblocks_dimensions":"","_coblocks_responsive_height":"","_coblocks_accordion_ie_support":"","_crdt_document":"","advanced_seo_description":"","jetpack_seo_html_title":"","jetpack_seo_noindex":false,"jetpack_post_was_ever_published":false,"two_page_speed":[],"footnotes":""},"class_list":["post-654","page","type-page","status-publish","hentry"],"jetpack_likes_enabled":true,"jetpack_sharing_enabled":true,"jetpack_shortlink":"https:\/\/wp.me\/Pepfs2-ay","jetpack-related-posts":[],"amp_enabled":true,"_links":{"self":[{"href":"https:\/\/evwra.org\/pt\/wp-json\/wp\/v2\/pages\/654","targetHints":{"allow":["GET"]}}],"collection":[{"href":"https:\/\/evwra.org\/pt\/wp-json\/wp\/v2\/pages"}],"about":[{"href":"https:\/\/evwra.org\/pt\/wp-json\/wp\/v2\/types\/page"}],"author":[{"embeddable":true,"href":"https:\/\/evwra.org\/pt\/wp-json\/wp\/v2\/users\/165558846"}],"replies":[{"embeddable":true,"href":"https:\/\/evwra.org\/pt\/wp-json\/wp\/v2\/comments?post=654"}],"version-history":[{"count":66,"href":"https:\/\/evwra.org\/pt\/wp-json\/wp\/v2\/pages\/654\/revisions"}],"predecessor-version":[{"id":2362,"href":"https:\/\/evwra.org\/pt\/wp-json\/wp\/v2\/pages\/654\/revisions\/2362"}],"wp:attachment":[{"href":"https:\/\/evwra.org\/pt\/wp-json\/wp\/v2\/media?parent=654"}],"curies":[{"name":"wp","href":"https:\/\/api.w.org\/{rel}","templated":true}]}}